{"id":4366,"date":"2021-06-29T16:39:17","date_gmt":"2021-06-29T21:39:17","guid":{"rendered":"http:\/\/moraventas.com\/?post_type=product&#038;p=4366"},"modified":"2025-04-03T19:44:57","modified_gmt":"2025-04-04T00:44:57","slug":"clorofila-natures-sunshine","status":"publish","type":"product","link":"https:\/\/moraventas.com\/index.php\/product\/clorofila-natures-sunshine\/","title":{"rendered":"Liquid Nature\u00b4s CL"},"content":{"rendered":"<p>Excelente fuente de antioxidantes que promueve la respuesta inmunol\u00f3gica y desintoxica tu cuerpo.<br \/>\nLos antioxidantes que provee la CLOROFILA ayudan a proteger las c\u00e9lulas sanas de los da\u00f1os causados por los radicales libres. Se cree que la clorofila, por su capacidad regenerativa de las c\u00e9lulas, es uno de los compuestos vegetales que proveen al organismo de energ\u00eda y vigor, siendo capaz de depurar el organismo de toxinas.<\/p>\n<p>La universidad del estado de Oreg\u00f3n dice que la Clorofila y clorofilina forman complejos moleculares con algunos qu\u00edmicos conocidos o sospechosos de causar c\u00e1ncer, y al hacerlo pueden bloquear los efectos cancer\u00edgenos.<\/p>\n<p>Beneficios<\/p>\n<p>\u2022Ayuda a la oxigenaci\u00f3n y desintoxicaci\u00f3n del organismo.<\/p>\n<p>\u2022 Fortalece la acci\u00f3n de los sistemas circulatorio, digestivo e intestinal.<\/p>\n<p>\u2022 Promueve las funciones naturales de limpieza sangu\u00ednea del cuerpo.<\/p>\n<p>Presentaci\u00f3n<\/p>\n<p>Envase por 473 ml. (16 onzas)<\/p>\n<div class=\"subtitle\"><strong>Uso Recomendado<\/strong><\/div>\n<p>Disuelve una cucharada (15 ml) al d\u00eda en un vaso de agua (8 onzas).<\/p>\n","protected":false},"excerpt":{"rendered":"<p><strong>(16 Fl.Oz) 473 ml<\/strong><\/p>\n","protected":false},"featured_media":5965,"comment_status":"open","ping_status":"closed","template":"","meta":{"om_disable_all_campaigns":false,"_monsterinsights_skip_tracking":false,"_monsterinsights_sitenote_active":false,"_monsterinsights_sitenote_note":"","_monsterinsights_sitenote_category":0,"spay_email":""},"product_cat":[15],"product_tag":[64,63,65,62],"class_list":["post-4366","product","type-product","status-publish","has-post-thumbnail","hentry","product_cat-productos-salud","product_tag-clorofila","product_tag-natures-sunshine","product_tag-producto-salud","product_tag-salud"],"_links":{"self":[{"href":"https:\/\/moraventas.com\/index.php\/wp-json\/wp\/v2\/product\/4366","targetHints":{"allow":["GET"]}}],"collection":[{"href":"https:\/\/moraventas.com\/index.php\/wp-json\/wp\/v2\/product"}],"about":[{"href":"https:\/\/moraventas.com\/index.php\/wp-json\/wp\/v2\/types\/product"}],"replies":[{"embeddable":true,"href":"https:\/\/moraventas.com\/index.php\/wp-json\/wp\/v2\/comments?post=4366"}],"wp:featuredmedia":[{"embeddable":true,"href":"https:\/\/moraventas.com\/index.php\/wp-json\/wp\/v2\/media\/5965"}],"wp:attachment":[{"href":"https:\/\/moraventas.com\/index.php\/wp-json\/wp\/v2\/media?parent=4366"}],"wp:term":[{"taxonomy":"product_cat","embeddable":true,"href":"https:\/\/moraventas.com\/index.php\/wp-json\/wp\/v2\/product_cat?post=4366"},{"taxonomy":"product_tag","embeddable":true,"href":"https:\/\/moraventas.com\/index.php\/wp-json\/wp\/v2\/product_tag?post=4366"}],"curies":[{"name":"wp","href":"https:\/\/api.w.org\/{rel}","templated":true}]}}