{"id":4482,"date":"2021-07-07T03:39:37","date_gmt":"2021-07-07T03:39:37","guid":{"rendered":"http:\/\/moraventas.com\/?post_type=product&#038;p=4482"},"modified":"2021-07-07T04:03:27","modified_gmt":"2021-07-07T04:03:27","slug":"panel-solar","status":"publish","type":"product","link":"https:\/\/moraventas.com\/index.php\/product\/panel-solar\/","title":{"rendered":"P\u00e1nel Solar"},"content":{"rendered":"<p>Panel solar tama\u00f1o 1m x 3m &#8211; Incluye instalaci\u00f3n<\/p>\n","protected":false},"excerpt":{"rendered":"<p>Panel solar tama\u00f1o 1m x 3m &#8211; Incluye instalaci\u00f3n<\/p>\n","protected":false},"featured_media":4481,"comment_status":"open","ping_status":"closed","template":"","meta":{"om_disable_all_campaigns":false,"_monsterinsights_skip_tracking":false,"_monsterinsights_sitenote_active":false,"_monsterinsights_sitenote_note":"","_monsterinsights_sitenote_category":0,"spay_email":""},"product_cat":[70],"product_tag":[],"class_list":["post-4482","product","type-product","status-publish","has-post-thumbnail","hentry","product_cat-energia-solar"],"_links":{"self":[{"href":"https:\/\/moraventas.com\/index.php\/wp-json\/wp\/v2\/product\/4482","targetHints":{"allow":["GET"]}}],"collection":[{"href":"https:\/\/moraventas.com\/index.php\/wp-json\/wp\/v2\/product"}],"about":[{"href":"https:\/\/moraventas.com\/index.php\/wp-json\/wp\/v2\/types\/product"}],"replies":[{"embeddable":true,"href":"https:\/\/moraventas.com\/index.php\/wp-json\/wp\/v2\/comments?post=4482"}],"wp:featuredmedia":[{"embeddable":true,"href":"https:\/\/moraventas.com\/index.php\/wp-json\/wp\/v2\/media\/4481"}],"wp:attachment":[{"href":"https:\/\/moraventas.com\/index.php\/wp-json\/wp\/v2\/media?parent=4482"}],"wp:term":[{"taxonomy":"product_cat","embeddable":true,"href":"https:\/\/moraventas.com\/index.php\/wp-json\/wp\/v2\/product_cat?post=4482"},{"taxonomy":"product_tag","embeddable":true,"href":"https:\/\/moraventas.com\/index.php\/wp-json\/wp\/v2\/product_tag?post=4482"}],"curies":[{"name":"wp","href":"https:\/\/api.w.org\/{rel}","templated":true}]}}