{"id":4600,"date":"2021-07-09T21:50:14","date_gmt":"2021-07-10T02:50:14","guid":{"rendered":"https:\/\/moraventas.com\/?post_type=product&#038;p=4600"},"modified":"2025-04-11T07:23:33","modified_gmt":"2025-04-11T12:23:33","slug":"collatrim-capsulas","status":"publish","type":"product","link":"https:\/\/moraventas.com\/index.php\/product\/collatrim-capsulas\/","title":{"rendered":"Collatrim C\u00e1psulas"},"content":{"rendered":"<p>Collatrim provee col\u00e1geno hidrolizado, adem\u00e1s de suplir de amino\u00e1cidos y p\u00e9ptidos peque\u00f1os, cruciales como cimientos para la formaci\u00f3n de las prote\u00ednas, incluyendo el col\u00e1geno. El col\u00e1geno es la prote\u00edna estructural principal para los tejidos conexivos y tendones, ligamentos, cart\u00edlago, huesos y piel. Es un producto con col\u00e1geno hidrolizado en polvo, esta es una prote\u00edna muy importante en el cuerpo debido a ser un componente del tejido conectivo (Coraz\u00f3n, pulmones, arterias, m\u00fasculos huesos, articulaciones y otros m\u00e1s).<\/p>\n<p>Beneficios<\/p>\n<p>\u2022 Ayuda a mantener un nivel favorable de insulina y<\/p>\n<p>glucag\u00f3n.<\/p>\n<p>\u2022 Ayuda a mejorar el aspecto de<\/p>\n<p>la piel.<\/p>\n<p>\u2022 Provee col\u00e1geno en grandes<\/p>\n<p>cantidades que ayudan a proteger y mantener<\/p>\n<p>saludable las coyunturas.<\/p>\n<p>\u2022 Ayuda a controlar el peso usando altos niveles de prote\u00ednas y amino\u00e1cidos.<\/p>\n<p>Presentaci\u00f3n<\/p>\n<p>Frasco \u00e1mbar por 180 c\u00e1psulas.<\/p>\n<div class=\"subtitle\"><strong>Uso Recomendado:<\/strong><\/div>\n<p>Tomar 3 c\u00e1psulas con los alimentos al d\u00eda.<\/p>\n","protected":false},"excerpt":{"rendered":"<p><strong>180 c\u00e1psulas<\/strong><\/p>\n","protected":false},"featured_media":5950,"comment_status":"open","ping_status":"closed","template":"","meta":{"om_disable_all_campaigns":false,"_monsterinsights_skip_tracking":false,"_monsterinsights_sitenote_active":false,"_monsterinsights_sitenote_note":"","_monsterinsights_sitenote_category":0,"spay_email":""},"product_cat":[15],"product_tag":[],"class_list":["post-4600","product","type-product","status-publish","has-post-thumbnail","hentry","product_cat-productos-salud"],"_links":{"self":[{"href":"https:\/\/moraventas.com\/index.php\/wp-json\/wp\/v2\/product\/4600","targetHints":{"allow":["GET"]}}],"collection":[{"href":"https:\/\/moraventas.com\/index.php\/wp-json\/wp\/v2\/product"}],"about":[{"href":"https:\/\/moraventas.com\/index.php\/wp-json\/wp\/v2\/types\/product"}],"replies":[{"embeddable":true,"href":"https:\/\/moraventas.com\/index.php\/wp-json\/wp\/v2\/comments?post=4600"}],"wp:featuredmedia":[{"embeddable":true,"href":"https:\/\/moraventas.com\/index.php\/wp-json\/wp\/v2\/media\/5950"}],"wp:attachment":[{"href":"https:\/\/moraventas.com\/index.php\/wp-json\/wp\/v2\/media?parent=4600"}],"wp:term":[{"taxonomy":"product_cat","embeddable":true,"href":"https:\/\/moraventas.com\/index.php\/wp-json\/wp\/v2\/product_cat?post=4600"},{"taxonomy":"product_tag","embeddable":true,"href":"https:\/\/moraventas.com\/index.php\/wp-json\/wp\/v2\/product_tag?post=4600"}],"curies":[{"name":"wp","href":"https:\/\/api.w.org\/{rel}","templated":true}]}}