{"id":4612,"date":"2021-07-11T17:10:26","date_gmt":"2021-07-11T22:10:26","guid":{"rendered":"https:\/\/moraventas.com\/?post_type=product&#038;p=4612"},"modified":"2025-04-11T07:22:43","modified_gmt":"2025-04-11T12:22:43","slug":"colostrum","status":"publish","type":"product","link":"https:\/\/moraventas.com\/index.php\/product\/colostrum\/","title":{"rendered":"Colostrum"},"content":{"rendered":"<p>El calostro bovino es un suplemento dietario que contiene prote\u00ednas como la albumina, Inmunoglobulinas (A, D, E, G y M), Factores de crecimiento, Vitaminas (A, B12 y E), Citoquinas, Lactobacilus bifidus acidophilus y polip\u00e9ptidos, sustancias que apoyan el metabolismo y la regeneraci\u00f3n celular, ayudan a prevenir infecciones, promueven el crecimiento de huesos y cart\u00edlagos, estimulan los ganglios linf\u00e1ticos, reducen la flora nociva del aparato digestivo y otros componentes que apoyan las respuestas inmunol\u00f3gicas y el crecimiento celular.<\/p>\n<p>&nbsp;Beneficios<\/p>\n<p>\u2022 Ayuda al buen funcionamiento del sistema inmunol\u00f3gico.<\/p>\n<p>\u2022 Apoya el sistema estructural. \u2022 Ayuda a proteger el<\/p>\n<p>organismo de bacterias, virus, hongos y otros organismos causantes de enfermedades.<\/p>\n<div class=\"subtitle\"><strong>Uso Recomendado:<\/strong><\/div>\n<p>Tomar una capsula cuatro veces al d\u00eda, una hora antes de las comidas y de la hora de acostarse con un vaso de agua (8 onzas).<\/p>\n<p>Presentaci\u00f3n<\/p>\n<p>Frasco por 90 c\u00e1psulas.<\/p>\n","protected":false},"excerpt":{"rendered":"<p>90 C\u00e1psulas<\/p>\n","protected":false},"featured_media":5952,"comment_status":"open","ping_status":"closed","template":"","meta":{"om_disable_all_campaigns":false,"_monsterinsights_skip_tracking":false,"_monsterinsights_sitenote_active":false,"_monsterinsights_sitenote_note":"","_monsterinsights_sitenote_category":0,"spay_email":""},"product_cat":[15],"product_tag":[],"class_list":["post-4612","product","type-product","status-publish","has-post-thumbnail","hentry","product_cat-productos-salud"],"_links":{"self":[{"href":"https:\/\/moraventas.com\/index.php\/wp-json\/wp\/v2\/product\/4612","targetHints":{"allow":["GET"]}}],"collection":[{"href":"https:\/\/moraventas.com\/index.php\/wp-json\/wp\/v2\/product"}],"about":[{"href":"https:\/\/moraventas.com\/index.php\/wp-json\/wp\/v2\/types\/product"}],"replies":[{"embeddable":true,"href":"https:\/\/moraventas.com\/index.php\/wp-json\/wp\/v2\/comments?post=4612"}],"wp:featuredmedia":[{"embeddable":true,"href":"https:\/\/moraventas.com\/index.php\/wp-json\/wp\/v2\/media\/5952"}],"wp:attachment":[{"href":"https:\/\/moraventas.com\/index.php\/wp-json\/wp\/v2\/media?parent=4612"}],"wp:term":[{"taxonomy":"product_cat","embeddable":true,"href":"https:\/\/moraventas.com\/index.php\/wp-json\/wp\/v2\/product_cat?post=4612"},{"taxonomy":"product_tag","embeddable":true,"href":"https:\/\/moraventas.com\/index.php\/wp-json\/wp\/v2\/product_tag?post=4612"}],"curies":[{"name":"wp","href":"https:\/\/api.w.org\/{rel}","templated":true}]}}