{"id":4616,"date":"2021-07-11T17:31:40","date_gmt":"2021-07-11T22:31:40","guid":{"rendered":"https:\/\/moraventas.com\/?post_type=product&#038;p=4616"},"modified":"2025-04-11T07:22:11","modified_gmt":"2025-04-11T12:22:11","slug":"grapine-with-protectors-pyc","status":"publish","type":"product","link":"https:\/\/moraventas.com\/index.php\/product\/grapine-with-protectors-pyc\/","title":{"rendered":"Grapine with Protectors PyC"},"content":{"rendered":"<p>La semilla de la uva posee de 15 a 20% de \u00e1cidos grasos insaturados sustancia natural que genera un efecto hipolipemiante. El fruto de la uva tradicionalmente ha sido utilizada como antiesclerotica, vitam\u00ednica, reconstituyente y hepatoprotector. El pino mar\u00edtimo contiene un antioxidante que es 20 veces m\u00e1s potente que la vitamina C y 50 veces que la vitamina E, adem\u00e1s puede mejorar la circulaci\u00f3n, mejorar la condiciones al\u00e9rgicas y el estado de la piel.<\/p>\n<p>Beneficios<\/p>\n<p>\u2022 Aumenta la hemoglobina de la sangre.<\/p>\n<p>\u2022 Tiene un alto contenido de complejo B.<\/p>\n<p>\u2022 Influye en la cicatrizaci\u00f3n de las heridas.<\/p>\n<p>Presentaci\u00f3n<\/p>\n<p>Frasco por 100 c\u00e1psulas.<\/p>\n<div class=\"subtitle\"><strong>Uso Recomendado:<\/strong><\/div>\n<p>Tomar 2 tabletas al d\u00eda.<\/p>\n","protected":false},"excerpt":{"rendered":"<p>90 Tabletas<\/p>\n","protected":false},"featured_media":6031,"comment_status":"open","ping_status":"closed","template":"","meta":{"om_disable_all_campaigns":false,"_monsterinsights_skip_tracking":false,"_monsterinsights_sitenote_active":false,"_monsterinsights_sitenote_note":"","_monsterinsights_sitenote_category":0,"spay_email":""},"product_cat":[15],"product_tag":[],"class_list":["post-4616","product","type-product","status-publish","has-post-thumbnail","hentry","product_cat-productos-salud"],"_links":{"self":[{"href":"https:\/\/moraventas.com\/index.php\/wp-json\/wp\/v2\/product\/4616","targetHints":{"allow":["GET"]}}],"collection":[{"href":"https:\/\/moraventas.com\/index.php\/wp-json\/wp\/v2\/product"}],"about":[{"href":"https:\/\/moraventas.com\/index.php\/wp-json\/wp\/v2\/types\/product"}],"replies":[{"embeddable":true,"href":"https:\/\/moraventas.com\/index.php\/wp-json\/wp\/v2\/comments?post=4616"}],"wp:featuredmedia":[{"embeddable":true,"href":"https:\/\/moraventas.com\/index.php\/wp-json\/wp\/v2\/media\/6031"}],"wp:attachment":[{"href":"https:\/\/moraventas.com\/index.php\/wp-json\/wp\/v2\/media?parent=4616"}],"wp:term":[{"taxonomy":"product_cat","embeddable":true,"href":"https:\/\/moraventas.com\/index.php\/wp-json\/wp\/v2\/product_cat?post=4616"},{"taxonomy":"product_tag","embeddable":true,"href":"https:\/\/moraventas.com\/index.php\/wp-json\/wp\/v2\/product_tag?post=4616"}],"curies":[{"name":"wp","href":"https:\/\/api.w.org\/{rel}","templated":true}]}}