{"id":4626,"date":"2021-07-11T18:31:05","date_gmt":"2021-07-11T23:31:05","guid":{"rendered":"https:\/\/moraventas.com\/?post_type=product&#038;p=4626"},"modified":"2025-04-11T07:18:11","modified_gmt":"2025-04-11T12:18:11","slug":"papaya-mint","status":"publish","type":"product","link":"https:\/\/moraventas.com\/index.php\/product\/papaya-mint\/","title":{"rendered":"Papaya Mint"},"content":{"rendered":"<p>Tradicionalmente la fruta de la papaya ha sido utilizada para el tratamiento de la constipaci\u00f3n intestinal, dispepsia, enteritis, disenter\u00eda, psoriasis y verrugas, mientras que la Menta ha sido usada tradicionalmente para tratar afecciones gastrointestinales como aton\u00eda del est\u00f3mago e intestino, dolor de est\u00f3mago, flatulencia, indigesti\u00f3n, nauseas, afecciones respiratorias como resfri\u00f3 y tos, afecciones nerviosas como insomnio, nerviosismo, tensi\u00f3n y v\u00e9rtigo, y otras afecciones como fiebre, dolor de cabeza y migra\u00f1a, caracter\u00edsticas que potencian su actividad en el sistema gastrointestinal.<\/p>\n<p>Beneficios<\/p>\n<p>\u2022 Incentiva la producci\u00f3n de jugos g\u00e1stricos.<\/p>\n<p>\u2022 Ayuda a disminuir la congesti\u00f3n estomacal.<\/p>\n<p>\u2022 Ayuda a restaurar la flora intestinal.<\/p>\n<p>\u2022Apoya suavemente el sistema intestinal, mejorando el s\u00edndrome de intestino<\/p>\n<p>irritable y estre\u00f1imiento.<\/p>\n<p>Presentaci\u00f3n<\/p>\n<p>Frasco por 70 tabletas.<\/p>\n<div class=\"subtitle\"><strong>Usos Recomendados:<\/strong><\/div>\n<p>Mastica dos tabletas 3 veces al d\u00eda despu\u00e9s de cada comida.<\/p>\n","protected":false},"excerpt":{"rendered":"<p>70 Tabletas<\/p>\n","protected":false},"featured_media":5968,"comment_status":"open","ping_status":"closed","template":"","meta":{"om_disable_all_campaigns":false,"_monsterinsights_skip_tracking":false,"_monsterinsights_sitenote_active":false,"_monsterinsights_sitenote_note":"","_monsterinsights_sitenote_category":0,"spay_email":""},"product_cat":[15],"product_tag":[],"class_list":["post-4626","product","type-product","status-publish","has-post-thumbnail","hentry","product_cat-productos-salud"],"_links":{"self":[{"href":"https:\/\/moraventas.com\/index.php\/wp-json\/wp\/v2\/product\/4626","targetHints":{"allow":["GET"]}}],"collection":[{"href":"https:\/\/moraventas.com\/index.php\/wp-json\/wp\/v2\/product"}],"about":[{"href":"https:\/\/moraventas.com\/index.php\/wp-json\/wp\/v2\/types\/product"}],"replies":[{"embeddable":true,"href":"https:\/\/moraventas.com\/index.php\/wp-json\/wp\/v2\/comments?post=4626"}],"wp:featuredmedia":[{"embeddable":true,"href":"https:\/\/moraventas.com\/index.php\/wp-json\/wp\/v2\/media\/5968"}],"wp:attachment":[{"href":"https:\/\/moraventas.com\/index.php\/wp-json\/wp\/v2\/media?parent=4626"}],"wp:term":[{"taxonomy":"product_cat","embeddable":true,"href":"https:\/\/moraventas.com\/index.php\/wp-json\/wp\/v2\/product_cat?post=4626"},{"taxonomy":"product_tag","embeddable":true,"href":"https:\/\/moraventas.com\/index.php\/wp-json\/wp\/v2\/product_tag?post=4626"}],"curies":[{"name":"wp","href":"https:\/\/api.w.org\/{rel}","templated":true}]}}