{"id":4630,"date":"2021-07-11T18:47:16","date_gmt":"2021-07-11T23:47:16","guid":{"rendered":"https:\/\/moraventas.com\/?post_type=product&#038;p=4630"},"modified":"2025-04-11T07:16:35","modified_gmt":"2025-04-11T12:16:35","slug":"peppermint-oil","status":"publish","type":"product","link":"https:\/\/moraventas.com\/index.php\/product\/peppermint-oil\/","title":{"rendered":"Peppermint Oil"},"content":{"rendered":"<p>Este maravilloso aceite contiene Mentha piperita que tradicionalmente ha sido usado para tratar afecciones gastrointestinales como aton\u00eda del est\u00f3mago e intestino, dolor de est\u00f3mago, flatulencia, indigesti\u00f3n y nauseas; afecciones respiratorias como resfr\u00edo y tos; afecciones nerviosas como insomnio, nerviosismo, tensi\u00f3n y v\u00e9rtigo y otras afecciones como fiebre, dolor de cabeza y migra\u00f1a, adicionalmente con su aplicaci\u00f3n t\u00f3pica se ha utilizado en inhalaciones para resfr\u00edos, infecciones de la garganta y heridas.<\/p>\n<p>El aceite esencial se usa en inhalaciones para reducir la fiebre, aliviar las n\u00e1useas y el v\u00f3mito, mejorar la digesti\u00f3n y suavizar el sistema respiratorio.<\/p>\n<p>Beneficios<\/p>\n<p>\u2022 Ayuda a mitigar c\u00f3licos y relaja los m\u00fasculos intestinales.<\/p>\n<p>\u2022 Aten\u00faa la acidez g\u00e1strica, las n\u00e1useas y la digesti\u00f3n. \u2022 Ayuda a descongestionar<\/p>\n<p>las v\u00edas respiratorias.<\/p>\n<p>Presentaci\u00f3n<\/p>\n<p>Frasco de 5ml con caja de cart\u00f3n.<\/p>\n<div class=\"subtitle\"><strong>Usos Recomendados:<\/strong><\/div>\n<p>Agrega de 2 a 3 gotas en un vaso de 8 onzas de agua despu\u00e9s de comer.<\/p>\n","protected":false},"excerpt":{"rendered":"<p>5 Mililitros<\/p>\n","protected":false},"featured_media":5972,"comment_status":"open","ping_status":"closed","template":"","meta":{"om_disable_all_campaigns":false,"_monsterinsights_skip_tracking":false,"_monsterinsights_sitenote_active":false,"_monsterinsights_sitenote_note":"","_monsterinsights_sitenote_category":0,"spay_email":""},"product_cat":[15],"product_tag":[],"class_list":["post-4630","product","type-product","status-publish","has-post-thumbnail","hentry","product_cat-productos-salud"],"_links":{"self":[{"href":"https:\/\/moraventas.com\/index.php\/wp-json\/wp\/v2\/product\/4630","targetHints":{"allow":["GET"]}}],"collection":[{"href":"https:\/\/moraventas.com\/index.php\/wp-json\/wp\/v2\/product"}],"about":[{"href":"https:\/\/moraventas.com\/index.php\/wp-json\/wp\/v2\/types\/product"}],"replies":[{"embeddable":true,"href":"https:\/\/moraventas.com\/index.php\/wp-json\/wp\/v2\/comments?post=4630"}],"wp:featuredmedia":[{"embeddable":true,"href":"https:\/\/moraventas.com\/index.php\/wp-json\/wp\/v2\/media\/5972"}],"wp:attachment":[{"href":"https:\/\/moraventas.com\/index.php\/wp-json\/wp\/v2\/media?parent=4630"}],"wp:term":[{"taxonomy":"product_cat","embeddable":true,"href":"https:\/\/moraventas.com\/index.php\/wp-json\/wp\/v2\/product_cat?post=4630"},{"taxonomy":"product_tag","embeddable":true,"href":"https:\/\/moraventas.com\/index.php\/wp-json\/wp\/v2\/product_tag?post=4630"}],"curies":[{"name":"wp","href":"https:\/\/api.w.org\/{rel}","templated":true}]}}