{"id":4634,"date":"2021-07-11T19:25:41","date_gmt":"2021-07-12T00:25:41","guid":{"rendered":"https:\/\/moraventas.com\/?post_type=product&#038;p=4634"},"modified":"2025-04-11T07:14:35","modified_gmt":"2025-04-11T12:14:35","slug":"solstic-energy","status":"publish","type":"product","link":"https:\/\/moraventas.com\/index.php\/product\/solstic-energy\/","title":{"rendered":"Solstic Energy"},"content":{"rendered":"<p>De El guaran\u00e1 que tradicionalmente ha sido utilizado para baja la fiebre, para evita el dolor de cabeza, estimulante f\u00edsico y del sistema nerviosos central, antigripal, vasodilatador, diur\u00e9tico, astringente, antibacteriano y afrodisiaco.<br \/>\nEl t\u00e9 verde tradicionalmente se ha utilizado para regular el az\u00facar en sangre, normalizar la presi\u00f3n sangu\u00ednea, estimular el sistema inmunol\u00f3gico, prevenir ulceras, controlar la inflamaci\u00f3n, prevenir enfermedades de las enc\u00edas, caries, mal aliento, reducci\u00f3n del colesterol, osteoporosis y co\u00e1gulos en sangre.<br \/>\nLa yerba mate tradicionalmente ha sido usada por sus propiedades diur\u00e9ticas, hipoglucemiantes, estimulantes, adelgazantes, vigorizante y aporta vitaminas del complejo B.<\/p>\n<p>Beneficios<\/p>\n<p>\u2022 Ayuda a mantener un estado de alerta en casos de<\/p>\n<p>agotamiento f\u00edsico. \u2022 Provee apoyo para el<\/p>\n<p>sistema nervioso. \u2022 Apoya al sistema<\/p>\n<p>inmunol\u00f3gico.<\/p>\n<p>Presentaci\u00f3n<\/p>\n<p>Cada caja contiene 30 sobres individuales por 3,75 g de polvo.<\/p>\n<div class=\"subtitle\"><strong>Uso Recomendado:<\/strong><\/div>\n<p>Disuelve el contenido de un sobre en un vaso de agua una vez al d\u00eda.<\/p>\n","protected":false},"excerpt":{"rendered":"<p>30 Sobres<\/p>\n","protected":false},"featured_media":5982,"comment_status":"open","ping_status":"closed","template":"","meta":{"om_disable_all_campaigns":false,"_monsterinsights_skip_tracking":false,"_monsterinsights_sitenote_active":false,"_monsterinsights_sitenote_note":"","_monsterinsights_sitenote_category":0,"spay_email":""},"product_cat":[15],"product_tag":[],"class_list":["post-4634","product","type-product","status-publish","has-post-thumbnail","hentry","product_cat-productos-salud"],"_links":{"self":[{"href":"https:\/\/moraventas.com\/index.php\/wp-json\/wp\/v2\/product\/4634","targetHints":{"allow":["GET"]}}],"collection":[{"href":"https:\/\/moraventas.com\/index.php\/wp-json\/wp\/v2\/product"}],"about":[{"href":"https:\/\/moraventas.com\/index.php\/wp-json\/wp\/v2\/types\/product"}],"replies":[{"embeddable":true,"href":"https:\/\/moraventas.com\/index.php\/wp-json\/wp\/v2\/comments?post=4634"}],"wp:featuredmedia":[{"embeddable":true,"href":"https:\/\/moraventas.com\/index.php\/wp-json\/wp\/v2\/media\/5982"}],"wp:attachment":[{"href":"https:\/\/moraventas.com\/index.php\/wp-json\/wp\/v2\/media?parent=4634"}],"wp:term":[{"taxonomy":"product_cat","embeddable":true,"href":"https:\/\/moraventas.com\/index.php\/wp-json\/wp\/v2\/product_cat?post=4634"},{"taxonomy":"product_tag","embeddable":true,"href":"https:\/\/moraventas.com\/index.php\/wp-json\/wp\/v2\/product_tag?post=4634"}],"curies":[{"name":"wp","href":"https:\/\/api.w.org\/{rel}","templated":true}]}}