{"id":4638,"date":"2021-07-11T21:05:53","date_gmt":"2021-07-12T02:05:53","guid":{"rendered":"https:\/\/moraventas.com\/?post_type=product&#038;p=4638"},"modified":"2025-04-11T07:12:15","modified_gmt":"2025-04-11T12:12:15","slug":"tei-fu-essential-oil","status":"publish","type":"product","link":"https:\/\/moraventas.com\/index.php\/product\/tei-fu-essential-oil\/","title":{"rendered":"Tei Fu Essential Oil"},"content":{"rendered":"<p>Tei Fu Essential Oil fue desarrollado y perfeccionado por un herbolario chino hace muchas d\u00e9cadas atr\u00e1s. Esta f\u00f3rmula \u00fanica es la aplicaci\u00f3n de muchos a\u00f1os de sabidur\u00eda y conocimiento herb\u00e1ceo de la China. Tei Fu Oil puede ser usado parauna gran variedad de aplicaciones, especialmente cuando se necesitan sus propiedades refrescantes, vigorizantes del aceite esencial. Evitar el contacto a los ojos, nariz y otras \u00e1reas sensibles.<\/p>\n<p>Beneficios<\/p>\n<p>\u2022 Descongestiona las v\u00edas respiratorias.<\/p>\n<p>\u2022 Ayuda a mitigar el dolor y disminuye la inflamaci\u00f3n en articulaciones.<\/p>\n<p>\u2022 Ayuda a disminuir los dolores musculares y de cabeza.<\/p>\n<p>Presentaci\u00f3n<\/p>\n<p>Frasco por 5 ml.<\/p>\n<div class=\"subtitle\"><strong>Uso Recomendado:<\/strong><\/div>\n<p>Aplique de 1 a 4 gotas del aceite sobre la piel, en el \u00e1rea deseada y frote bien.<\/p>\n","protected":false},"excerpt":{"rendered":"<p>5 Mililitros<\/p>\n","protected":false},"featured_media":5980,"comment_status":"open","ping_status":"closed","template":"","meta":{"om_disable_all_campaigns":false,"_monsterinsights_skip_tracking":false,"_monsterinsights_sitenote_active":false,"_monsterinsights_sitenote_note":"","_monsterinsights_sitenote_category":0,"spay_email":""},"product_cat":[15],"product_tag":[],"class_list":["post-4638","product","type-product","status-publish","has-post-thumbnail","hentry","product_cat-productos-salud"],"_links":{"self":[{"href":"https:\/\/moraventas.com\/index.php\/wp-json\/wp\/v2\/product\/4638","targetHints":{"allow":["GET"]}}],"collection":[{"href":"https:\/\/moraventas.com\/index.php\/wp-json\/wp\/v2\/product"}],"about":[{"href":"https:\/\/moraventas.com\/index.php\/wp-json\/wp\/v2\/types\/product"}],"replies":[{"embeddable":true,"href":"https:\/\/moraventas.com\/index.php\/wp-json\/wp\/v2\/comments?post=4638"}],"wp:featuredmedia":[{"embeddable":true,"href":"https:\/\/moraventas.com\/index.php\/wp-json\/wp\/v2\/media\/5980"}],"wp:attachment":[{"href":"https:\/\/moraventas.com\/index.php\/wp-json\/wp\/v2\/media?parent=4638"}],"wp:term":[{"taxonomy":"product_cat","embeddable":true,"href":"https:\/\/moraventas.com\/index.php\/wp-json\/wp\/v2\/product_cat?post=4638"},{"taxonomy":"product_tag","embeddable":true,"href":"https:\/\/moraventas.com\/index.php\/wp-json\/wp\/v2\/product_tag?post=4638"}],"curies":[{"name":"wp","href":"https:\/\/api.w.org\/{rel}","templated":true}]}}