{"id":4760,"date":"2021-08-07T02:09:53","date_gmt":"2021-08-07T07:09:53","guid":{"rendered":"https:\/\/moraventas.com\/?post_type=product&#038;p=4760"},"modified":"2023-05-20T22:18:05","modified_gmt":"2023-05-21T03:18:05","slug":"lote-av-0-cucuta","status":"publish","type":"product","link":"https:\/\/moraventas.com\/index.php\/product\/lote-av-0-cucuta\/","title":{"rendered":"Lote Av.0 C\u00facuta"},"content":{"rendered":"<ul>\n<li>Lote de 1.100 m2<\/li>\n<li>Pozo subterr\u00e1neo<\/li>\n<li>Sub-estaci\u00f3n el\u00e9ctrica de 75Kv<\/li>\n<\/ul>\n","protected":false},"excerpt":{"rendered":"<p>Lote de 1.100 m2 Pozo subterr\u00e1neo Sub-estaci\u00f3n el\u00e9ctrica de 75Kv<\/p>\n","protected":false},"featured_media":4761,"comment_status":"open","ping_status":"closed","template":"","meta":{"om_disable_all_campaigns":false,"_monsterinsights_skip_tracking":false,"_monsterinsights_sitenote_active":false,"_monsterinsights_sitenote_note":"","_monsterinsights_sitenote_category":0,"spay_email":""},"product_cat":[85],"product_tag":[],"class_list":["post-4760","product","type-product","status-publish","has-post-thumbnail","hentry","product_cat-lotes"],"_links":{"self":[{"href":"https:\/\/moraventas.com\/index.php\/wp-json\/wp\/v2\/product\/4760","targetHints":{"allow":["GET"]}}],"collection":[{"href":"https:\/\/moraventas.com\/index.php\/wp-json\/wp\/v2\/product"}],"about":[{"href":"https:\/\/moraventas.com\/index.php\/wp-json\/wp\/v2\/types\/product"}],"replies":[{"embeddable":true,"href":"https:\/\/moraventas.com\/index.php\/wp-json\/wp\/v2\/comments?post=4760"}],"wp:featuredmedia":[{"embeddable":true,"href":"https:\/\/moraventas.com\/index.php\/wp-json\/wp\/v2\/media\/4761"}],"wp:attachment":[{"href":"https:\/\/moraventas.com\/index.php\/wp-json\/wp\/v2\/media?parent=4760"}],"wp:term":[{"taxonomy":"product_cat","embeddable":true,"href":"https:\/\/moraventas.com\/index.php\/wp-json\/wp\/v2\/product_cat?post=4760"},{"taxonomy":"product_tag","embeddable":true,"href":"https:\/\/moraventas.com\/index.php\/wp-json\/wp\/v2\/product_tag?post=4760"}],"curies":[{"name":"wp","href":"https:\/\/api.w.org\/{rel}","templated":true}]}}