{"id":4845,"date":"2021-10-27T21:10:26","date_gmt":"2021-10-28T02:10:26","guid":{"rendered":"https:\/\/moraventas.com\/index.php\/product\/lote-en-urbanizacion-trapiches-cucuta\/"},"modified":"2023-05-20T22:21:01","modified_gmt":"2023-05-21T03:21:01","slug":"lote-en-urbanizacion-trapiches-cucuta","status":"publish","type":"product","link":"https:\/\/moraventas.com\/index.php\/product\/lote-en-urbanizacion-trapiches-cucuta\/","title":{"rendered":"LOTE EN URBANIZACI\u00d3N TRAPICHES CUCUTA"},"content":{"rendered":"<p>Bell\u00edsimo lote para la casa so\u00f1ada.<\/p>\n<p>900 metros cuadrados.<\/p>\n","protected":false},"excerpt":{"rendered":"<p>Bell\u00edsimo lote para la casa so\u00f1ada. 900 metros cuadrados.<\/p>\n","protected":false},"featured_media":4842,"comment_status":"open","ping_status":"closed","template":"","meta":{"om_disable_all_campaigns":false,"_monsterinsights_skip_tracking":false,"_monsterinsights_sitenote_active":false,"_monsterinsights_sitenote_note":"","_monsterinsights_sitenote_category":0,"spay_email":""},"product_cat":[85],"product_tag":[],"class_list":["post-4845","product","type-product","status-publish","has-post-thumbnail","hentry","product_cat-lotes"],"_links":{"self":[{"href":"https:\/\/moraventas.com\/index.php\/wp-json\/wp\/v2\/product\/4845","targetHints":{"allow":["GET"]}}],"collection":[{"href":"https:\/\/moraventas.com\/index.php\/wp-json\/wp\/v2\/product"}],"about":[{"href":"https:\/\/moraventas.com\/index.php\/wp-json\/wp\/v2\/types\/product"}],"replies":[{"embeddable":true,"href":"https:\/\/moraventas.com\/index.php\/wp-json\/wp\/v2\/comments?post=4845"}],"wp:featuredmedia":[{"embeddable":true,"href":"https:\/\/moraventas.com\/index.php\/wp-json\/wp\/v2\/media\/4842"}],"wp:attachment":[{"href":"https:\/\/moraventas.com\/index.php\/wp-json\/wp\/v2\/media?parent=4845"}],"wp:term":[{"taxonomy":"product_cat","embeddable":true,"href":"https:\/\/moraventas.com\/index.php\/wp-json\/wp\/v2\/product_cat?post=4845"},{"taxonomy":"product_tag","embeddable":true,"href":"https:\/\/moraventas.com\/index.php\/wp-json\/wp\/v2\/product_tag?post=4845"}],"curies":[{"name":"wp","href":"https:\/\/api.w.org\/{rel}","templated":true}]}}