{"id":4998,"date":"2022-02-18T21:24:11","date_gmt":"2022-02-19T02:24:11","guid":{"rendered":"https:\/\/moraventas.com\/index.php\/product\/lote-en-molinos-cucuta\/"},"modified":"2023-05-20T22:20:01","modified_gmt":"2023-05-21T03:20:01","slug":"lote-en-molinos-cucuta","status":"publish","type":"product","link":"https:\/\/moraventas.com\/index.php\/product\/lote-en-molinos-cucuta\/","title":{"rendered":"LOTE EN MOLINOS CUCUTA"},"content":{"rendered":"<p>Son 68,650 m\u00b2 ubicados en ZONA DE EXPANSI\u00d3N URBANA en el barrio Molinos de C\u00facuta. Uso de suelo mixto: Comercial, Institucional, Industrial, Vivienda, y otros. Esta zona se est\u00e1 convirtiendo en foco de desarrollo por su situaci\u00f3n a un kil\u00f3metro del anillo vial, la construcci\u00f3n del terminal de transporte y el asentamiento de grandes empresas industriales.<\/p>\n","protected":false},"excerpt":{"rendered":"<p>Son 68,650 m\u00b2 ubicados en ZONA DE EXPANSI\u00d3N URBANA en el barrio Molinos de C\u00facuta. Uso de suelo mixto: Comercial, Institucional, Industrial, Vivienda, y otros. Esta zona se est\u00e1 convirtiendo en foco de desarrollo por su situaci\u00f3n a un kil\u00f3metro del anillo vial, la construcci\u00f3n del terminal de transporte y el asentamiento de grandes empresas &hellip;<\/p>\n<p class=\"read-more\"> <a class=\"\" href=\"https:\/\/moraventas.com\/index.php\/product\/lote-en-molinos-cucuta\/\"> <span class=\"screen-reader-text\">LOTE EN MOLINOS CUCUTA<\/span> Leer m\u00e1s &raquo;<\/a><\/p>\n","protected":false},"featured_media":4996,"comment_status":"open","ping_status":"closed","template":"","meta":{"om_disable_all_campaigns":false,"_monsterinsights_skip_tracking":false,"_monsterinsights_sitenote_active":false,"_monsterinsights_sitenote_note":"","_monsterinsights_sitenote_category":0,"spay_email":""},"product_cat":[85],"product_tag":[],"class_list":["post-4998","product","type-product","status-publish","has-post-thumbnail","hentry","product_cat-lotes"],"_links":{"self":[{"href":"https:\/\/moraventas.com\/index.php\/wp-json\/wp\/v2\/product\/4998","targetHints":{"allow":["GET"]}}],"collection":[{"href":"https:\/\/moraventas.com\/index.php\/wp-json\/wp\/v2\/product"}],"about":[{"href":"https:\/\/moraventas.com\/index.php\/wp-json\/wp\/v2\/types\/product"}],"replies":[{"embeddable":true,"href":"https:\/\/moraventas.com\/index.php\/wp-json\/wp\/v2\/comments?post=4998"}],"wp:featuredmedia":[{"embeddable":true,"href":"https:\/\/moraventas.com\/index.php\/wp-json\/wp\/v2\/media\/4996"}],"wp:attachment":[{"href":"https:\/\/moraventas.com\/index.php\/wp-json\/wp\/v2\/media?parent=4998"}],"wp:term":[{"taxonomy":"product_cat","embeddable":true,"href":"https:\/\/moraventas.com\/index.php\/wp-json\/wp\/v2\/product_cat?post=4998"},{"taxonomy":"product_tag","embeddable":true,"href":"https:\/\/moraventas.com\/index.php\/wp-json\/wp\/v2\/product_tag?post=4998"}],"curies":[{"name":"wp","href":"https:\/\/api.w.org\/{rel}","templated":true}]}}