{"id":5038,"date":"2022-03-11T21:28:00","date_gmt":"2022-03-12T02:28:00","guid":{"rendered":"https:\/\/moraventas.com\/index.php\/product\/lotes-en-belen-cucuta\/"},"modified":"2023-05-20T22:19:26","modified_gmt":"2023-05-21T03:19:26","slug":"lotes-en-belen-cucuta","status":"publish","type":"product","link":"https:\/\/moraventas.com\/index.php\/product\/lotes-en-belen-cucuta\/","title":{"rendered":"LOTES EN BEL\u00c9N C\u00dcCUTA"},"content":{"rendered":"<p>Lotes de 69 m\u00b2 ubicados en el barrio Bel\u00e9n para disfrutar del mejor clima que pueda tener la ciudad de C\u00facuta. Son lotes en una urbanizaci\u00f3n muy bien trazada y con todos los servicios perfectos para construir una vivienda a su buen gusto.<\/p>\n","protected":false},"excerpt":{"rendered":"<p>Lotes de 69 m\u00b2 ubicados en el barrio Bel\u00e9n para disfrutar del mejor clima que pueda tener la ciudad de C\u00facuta. Son lotes en una urbanizaci\u00f3n muy bien trazada y con todos los servicios perfectos para construir una vivienda a su buen gusto.<\/p>\n","protected":false},"featured_media":5042,"comment_status":"open","ping_status":"closed","template":"","meta":{"om_disable_all_campaigns":false,"_monsterinsights_skip_tracking":false,"_monsterinsights_sitenote_active":false,"_monsterinsights_sitenote_note":"","_monsterinsights_sitenote_category":0,"spay_email":""},"product_cat":[85],"product_tag":[],"class_list":["post-5038","product","type-product","status-publish","has-post-thumbnail","hentry","product_cat-lotes"],"_links":{"self":[{"href":"https:\/\/moraventas.com\/index.php\/wp-json\/wp\/v2\/product\/5038","targetHints":{"allow":["GET"]}}],"collection":[{"href":"https:\/\/moraventas.com\/index.php\/wp-json\/wp\/v2\/product"}],"about":[{"href":"https:\/\/moraventas.com\/index.php\/wp-json\/wp\/v2\/types\/product"}],"replies":[{"embeddable":true,"href":"https:\/\/moraventas.com\/index.php\/wp-json\/wp\/v2\/comments?post=5038"}],"wp:featuredmedia":[{"embeddable":true,"href":"https:\/\/moraventas.com\/index.php\/wp-json\/wp\/v2\/media\/5042"}],"wp:attachment":[{"href":"https:\/\/moraventas.com\/index.php\/wp-json\/wp\/v2\/media?parent=5038"}],"wp:term":[{"taxonomy":"product_cat","embeddable":true,"href":"https:\/\/moraventas.com\/index.php\/wp-json\/wp\/v2\/product_cat?post=5038"},{"taxonomy":"product_tag","embeddable":true,"href":"https:\/\/moraventas.com\/index.php\/wp-json\/wp\/v2\/product_tag?post=5038"}],"curies":[{"name":"wp","href":"https:\/\/api.w.org\/{rel}","templated":true}]}}