{"id":5126,"date":"2022-05-05T20:36:42","date_gmt":"2022-05-06T01:36:42","guid":{"rendered":"https:\/\/moraventas.com\/index.php\/product\/lote-en-barrio-molinos-cucuta\/"},"modified":"2023-05-20T22:18:40","modified_gmt":"2023-05-21T03:18:40","slug":"lote-en-barrio-molinos-cucuta","status":"publish","type":"product","link":"https:\/\/moraventas.com\/index.php\/product\/lote-en-barrio-molinos-cucuta\/","title":{"rendered":"LOTE EN BARRIO MOLINOS C\u00daCUTA"},"content":{"rendered":"<p>Lote de 12,000 m\u00b2 en el barrio Molinos de CUCUTA, sobre la v\u00eda que conduce a Puerto Santander. Est\u00e1 ubicado frente al nuevoTerminal de transporte\ufffc\ufffc. Son 12,000 m\u00b2 con aprobaci\u00f3n de suelos para industria, vivienda, instituciones y pr\u00e1cticamente toda actividad comercial. Entre otras ventajas tambi\u00e9n se cuenta que est\u00e1 a muy pocos metros del Anillo Vial y en zona declarada Distrito de Innovaci\u00f3n Tecnol\u00f3gica.<\/p>\n","protected":false},"excerpt":{"rendered":"<p>Lote de 12,000 m\u00b2 en el barrio Molinos de CUCUTA, sobre la v\u00eda que conduce a Puerto Santander. Est\u00e1 ubicado frente al nuevoTerminal de transporte\ufffc\ufffc. Son 12,000 m\u00b2 con aprobaci\u00f3n de suelos para industria, vivienda, instituciones y pr\u00e1cticamente toda actividad comercial. Entre otras ventajas tambi\u00e9n se cuenta que est\u00e1 a muy pocos metros del Anillo &hellip;<\/p>\n<p class=\"read-more\"> <a class=\"\" href=\"https:\/\/moraventas.com\/index.php\/product\/lote-en-barrio-molinos-cucuta\/\"> <span class=\"screen-reader-text\">LOTE EN BARRIO MOLINOS C\u00daCUTA<\/span> Leer m\u00e1s &raquo;<\/a><\/p>\n","protected":false},"featured_media":5125,"comment_status":"open","ping_status":"closed","template":"","meta":{"om_disable_all_campaigns":false,"_monsterinsights_skip_tracking":false,"_monsterinsights_sitenote_active":false,"_monsterinsights_sitenote_note":"","_monsterinsights_sitenote_category":0,"spay_email":""},"product_cat":[85],"product_tag":[],"class_list":["post-5126","product","type-product","status-publish","has-post-thumbnail","hentry","product_cat-lotes"],"_links":{"self":[{"href":"https:\/\/moraventas.com\/index.php\/wp-json\/wp\/v2\/product\/5126","targetHints":{"allow":["GET"]}}],"collection":[{"href":"https:\/\/moraventas.com\/index.php\/wp-json\/wp\/v2\/product"}],"about":[{"href":"https:\/\/moraventas.com\/index.php\/wp-json\/wp\/v2\/types\/product"}],"replies":[{"embeddable":true,"href":"https:\/\/moraventas.com\/index.php\/wp-json\/wp\/v2\/comments?post=5126"}],"wp:featuredmedia":[{"embeddable":true,"href":"https:\/\/moraventas.com\/index.php\/wp-json\/wp\/v2\/media\/5125"}],"wp:attachment":[{"href":"https:\/\/moraventas.com\/index.php\/wp-json\/wp\/v2\/media?parent=5126"}],"wp:term":[{"taxonomy":"product_cat","embeddable":true,"href":"https:\/\/moraventas.com\/index.php\/wp-json\/wp\/v2\/product_cat?post=5126"},{"taxonomy":"product_tag","embeddable":true,"href":"https:\/\/moraventas.com\/index.php\/wp-json\/wp\/v2\/product_tag?post=5126"}],"curies":[{"name":"wp","href":"https:\/\/api.w.org\/{rel}","templated":true}]}}