{"id":5189,"date":"2022-05-30T16:57:18","date_gmt":"2022-05-30T21:57:18","guid":{"rendered":"https:\/\/moraventas.com\/index.php\/product\/casa-conjunto-cerrado-barrio-blanco-cucuta\/"},"modified":"2024-02-20T18:12:39","modified_gmt":"2024-02-20T23:12:39","slug":"casa-conjunto-cerrado-barrio-blanco-cucuta","status":"publish","type":"product","link":"https:\/\/moraventas.com\/index.php\/product\/casa-conjunto-cerrado-barrio-blanco-cucuta\/","title":{"rendered":"CASA CONJUNTO CERRADO SAN RAF\u00c1EL C\u00daCUTA"},"content":{"rendered":"<p>\ufffc Casa de 175m\u00b2 de construcci\u00f3n\ufffc, dotada de Sala, comedor, cocina, patio de ropas, pieza de servicio con ba\u00f1o. En un segundo piso est\u00e1n tres habitaciones muy amplias con su respectivo cl\u00f3set, una de ellas con ba\u00f1o y un ba\u00f1o para las otras dos\ufffc\ufffc. Tiene dos parqueaderos y amplias zonas comunales. Goza de toda la seguridad por estar en conjunto cerrado.\ufffc<\/p>\n","protected":false},"excerpt":{"rendered":"<p>\ufffc Casa de 175m\u00b2 de construcci\u00f3n\ufffc, dotada de Sala, comedor, cocina, patio de ropas, pieza de servicio con ba\u00f1o. En un segundo piso est\u00e1n tres habitaciones muy amplias con su respectivo cl\u00f3set, una de ellas con ba\u00f1o y un ba\u00f1o para las otras dos\ufffc\ufffc. Tiene dos parqueaderos y amplias zonas comunales. Goza de toda la &hellip;<\/p>\n<p class=\"read-more\"> <a class=\"\" href=\"https:\/\/moraventas.com\/index.php\/product\/casa-conjunto-cerrado-barrio-blanco-cucuta\/\"> <span class=\"screen-reader-text\">CASA CONJUNTO CERRADO SAN RAF\u00c1EL C\u00daCUTA<\/span> Leer m\u00e1s &raquo;<\/a><\/p>\n","protected":false},"featured_media":5894,"comment_status":"open","ping_status":"closed","template":"","meta":{"om_disable_all_campaigns":false,"_monsterinsights_skip_tracking":false,"_monsterinsights_sitenote_active":false,"_monsterinsights_sitenote_note":"","_monsterinsights_sitenote_category":0,"spay_email":""},"product_cat":[82],"product_tag":[],"class_list":["post-5189","product","type-product","status-publish","has-post-thumbnail","hentry","product_cat-casas"],"_links":{"self":[{"href":"https:\/\/moraventas.com\/index.php\/wp-json\/wp\/v2\/product\/5189","targetHints":{"allow":["GET"]}}],"collection":[{"href":"https:\/\/moraventas.com\/index.php\/wp-json\/wp\/v2\/product"}],"about":[{"href":"https:\/\/moraventas.com\/index.php\/wp-json\/wp\/v2\/types\/product"}],"replies":[{"embeddable":true,"href":"https:\/\/moraventas.com\/index.php\/wp-json\/wp\/v2\/comments?post=5189"}],"wp:featuredmedia":[{"embeddable":true,"href":"https:\/\/moraventas.com\/index.php\/wp-json\/wp\/v2\/media\/5894"}],"wp:attachment":[{"href":"https:\/\/moraventas.com\/index.php\/wp-json\/wp\/v2\/media?parent=5189"}],"wp:term":[{"taxonomy":"product_cat","embeddable":true,"href":"https:\/\/moraventas.com\/index.php\/wp-json\/wp\/v2\/product_cat?post=5189"},{"taxonomy":"product_tag","embeddable":true,"href":"https:\/\/moraventas.com\/index.php\/wp-json\/wp\/v2\/product_tag?post=5189"}],"curies":[{"name":"wp","href":"https:\/\/api.w.org\/{rel}","templated":true}]}}