{"id":5366,"date":"2023-01-15T19:50:03","date_gmt":"2023-01-16T00:50:03","guid":{"rendered":"https:\/\/moraventas.com\/index.php\/product\/lote-sobre-anillo-vial-oriental-cucuta\/"},"modified":"2025-05-26T17:10:19","modified_gmt":"2025-05-26T22:10:19","slug":"lote-sobre-anillo-vial-oriental-cucuta","status":"publish","type":"product","link":"https:\/\/moraventas.com\/index.php\/product\/lote-sobre-anillo-vial-oriental-cucuta\/","title":{"rendered":"LOTE SOBRE ANILLO VIAL ORIENTAL C\u00daCUTA"},"content":{"rendered":"<p>Son 3500 m\u00b2, totalmente urbanizados a $300.000.00m\u00b2, situados sobre el anillo vial Oriental, a pocos metros de la autopista a Villa Del Rosario y a poca distancia del puente Internacional Tienditas o Atanasio Girardot. Con un poco de visi\u00f3n, nos damos cuenta que est\u00e1 situado en lo que ser\u00e1 otra ciudadela del \u00c1rea Metropolitana de C\u00facuta, pero esta muy bien trazada y con una verdadera proyecci\u00f3n al futuro.<\/p>\n","protected":false},"excerpt":{"rendered":"<p>Son 3500 m\u00b2, totalmente urbanizados a $300.000.00m\u00b2, situados sobre el anillo vial Oriental, a pocos metros de la autopista a Villa Del Rosario y a poca distancia del puente Internacional Tienditas o Atanasio Girardot. Con un poco de visi\u00f3n, nos damos cuenta que est\u00e1 situado en lo que ser\u00e1 otra ciudadela del \u00c1rea Metropolitana de &hellip;<\/p>\n<p class=\"read-more\"> <a class=\"\" href=\"https:\/\/moraventas.com\/index.php\/product\/lote-sobre-anillo-vial-oriental-cucuta\/\"> <span class=\"screen-reader-text\">LOTE SOBRE ANILLO VIAL ORIENTAL C\u00daCUTA<\/span> Leer m\u00e1s &raquo;<\/a><\/p>\n","protected":false},"featured_media":5364,"comment_status":"open","ping_status":"closed","template":"","meta":{"om_disable_all_campaigns":false,"_monsterinsights_skip_tracking":false,"_monsterinsights_sitenote_active":false,"_monsterinsights_sitenote_note":"","_monsterinsights_sitenote_category":0,"spay_email":""},"product_cat":[85],"product_tag":[],"class_list":["post-5366","product","type-product","status-publish","has-post-thumbnail","hentry","product_cat-lotes"],"_links":{"self":[{"href":"https:\/\/moraventas.com\/index.php\/wp-json\/wp\/v2\/product\/5366","targetHints":{"allow":["GET"]}}],"collection":[{"href":"https:\/\/moraventas.com\/index.php\/wp-json\/wp\/v2\/product"}],"about":[{"href":"https:\/\/moraventas.com\/index.php\/wp-json\/wp\/v2\/types\/product"}],"replies":[{"embeddable":true,"href":"https:\/\/moraventas.com\/index.php\/wp-json\/wp\/v2\/comments?post=5366"}],"wp:featuredmedia":[{"embeddable":true,"href":"https:\/\/moraventas.com\/index.php\/wp-json\/wp\/v2\/media\/5364"}],"wp:attachment":[{"href":"https:\/\/moraventas.com\/index.php\/wp-json\/wp\/v2\/media?parent=5366"}],"wp:term":[{"taxonomy":"product_cat","embeddable":true,"href":"https:\/\/moraventas.com\/index.php\/wp-json\/wp\/v2\/product_cat?post=5366"},{"taxonomy":"product_tag","embeddable":true,"href":"https:\/\/moraventas.com\/index.php\/wp-json\/wp\/v2\/product_tag?post=5366"}],"curies":[{"name":"wp","href":"https:\/\/api.w.org\/{rel}","templated":true}]}}