{"id":5372,"date":"2023-01-16T08:09:52","date_gmt":"2023-01-16T13:09:52","guid":{"rendered":"https:\/\/moraventas.com\/?post_type=product&#038;p=5372"},"modified":"2023-05-20T22:13:14","modified_gmt":"2023-05-21T03:13:14","slug":"lote-en-bellavista-los-patios-2","status":"publish","type":"product","link":"https:\/\/moraventas.com\/index.php\/product\/lote-en-bellavista-los-patios-2\/","title":{"rendered":"LOTE EN BELLAVISTA LOS PATIOS"},"content":{"rendered":"<p>\u00c9ste lote, est\u00e1 en la parte m\u00e1s alta del barrio Bellavista y por lo tanto tiene un clima excepcional dentro del \u00e1rea metropolitana de C\u00facuta; est\u00e1 en zona residencial muy apetecida por los habitantes de esta zona, por su clima suave, sus v\u00edas, obras de infraestructura y por su tranquilidad para vivir\ufffc. Son 10,000 m\u00b2 netos es decir ya descontadas las \u00e1reas de retroceso. El precio por metro cuadrado es de 400,000 pesos. \ufffc\ufffc<\/p>\n","protected":false},"excerpt":{"rendered":"<p>\u00c9ste lote, est\u00e1 en la parte m\u00e1s alta del barrio Bellavista y por lo tanto tiene un clima excepcional dentro del \u00e1rea metropolitana de C\u00facuta; est\u00e1 en zona residencial muy apetecida por los habitantes de esta zona, por su clima suave, sus v\u00edas, obras de infraestructura y por su tranquilidad para vivir\ufffc. Son 10,000 m\u00b2 &hellip;<\/p>\n<p class=\"read-more\"> <a class=\"\" href=\"https:\/\/moraventas.com\/index.php\/product\/lote-en-bellavista-los-patios-2\/\"> <span class=\"screen-reader-text\">LOTE EN BELLAVISTA LOS PATIOS<\/span> Leer m\u00e1s &raquo;<\/a><\/p>\n","protected":false},"featured_media":5370,"comment_status":"open","ping_status":"closed","template":"","meta":{"om_disable_all_campaigns":false,"_monsterinsights_skip_tracking":false,"_monsterinsights_sitenote_active":false,"_monsterinsights_sitenote_note":"","_monsterinsights_sitenote_category":0,"spay_email":""},"product_cat":[85],"product_tag":[],"class_list":["post-5372","product","type-product","status-publish","has-post-thumbnail","hentry","product_cat-lotes"],"_links":{"self":[{"href":"https:\/\/moraventas.com\/index.php\/wp-json\/wp\/v2\/product\/5372","targetHints":{"allow":["GET"]}}],"collection":[{"href":"https:\/\/moraventas.com\/index.php\/wp-json\/wp\/v2\/product"}],"about":[{"href":"https:\/\/moraventas.com\/index.php\/wp-json\/wp\/v2\/types\/product"}],"replies":[{"embeddable":true,"href":"https:\/\/moraventas.com\/index.php\/wp-json\/wp\/v2\/comments?post=5372"}],"wp:featuredmedia":[{"embeddable":true,"href":"https:\/\/moraventas.com\/index.php\/wp-json\/wp\/v2\/media\/5370"}],"wp:attachment":[{"href":"https:\/\/moraventas.com\/index.php\/wp-json\/wp\/v2\/media?parent=5372"}],"wp:term":[{"taxonomy":"product_cat","embeddable":true,"href":"https:\/\/moraventas.com\/index.php\/wp-json\/wp\/v2\/product_cat?post=5372"},{"taxonomy":"product_tag","embeddable":true,"href":"https:\/\/moraventas.com\/index.php\/wp-json\/wp\/v2\/product_tag?post=5372"}],"curies":[{"name":"wp","href":"https:\/\/api.w.org\/{rel}","templated":true}]}}