{"id":5406,"date":"2023-03-27T20:20:04","date_gmt":"2023-03-28T01:20:04","guid":{"rendered":"https:\/\/moraventas.com\/index.php\/product\/cabana-la-catalana-chinacota\/"},"modified":"2023-05-20T22:12:45","modified_gmt":"2023-05-21T03:12:45","slug":"cabana-la-catalana-chinacota","status":"publish","type":"product","link":"https:\/\/moraventas.com\/index.php\/product\/cabana-la-catalana-chinacota\/","title":{"rendered":"CABA\u00d1A LA CATALANA CHIN\u00c1COTA"},"content":{"rendered":"<p>Situada en un paraje donde la mejor amiga es la naturaleza, el mejor perfume el de las flores y la mejor m\u00fasica la de los p\u00e1jaros. \ufffc<\/p>\n<p>Con una extensi\u00f3n de 1000 m\u00b2, tiene 10 alcobas, cuatro de ellas con ba\u00f1o privado, cinco ba\u00f1os m\u00e1s, parqueadero para 10 veh\u00edculos, zona social, BBQ , tanque subterr\u00e1neo para 17,000 l de agua y todo lo necesario para saborear estad\u00edas cortas o prolongadas disfrutando de tranquilidad, descanso y comodidad.<\/p>\n","protected":false},"excerpt":{"rendered":"<p>Situada en un paraje donde la mejor amiga es la naturaleza, el mejor perfume el de las flores y la mejor m\u00fasica la de los p\u00e1jaros. \ufffc Con una extensi\u00f3n de 1000 m\u00b2, tiene 10 alcobas, cuatro de ellas con ba\u00f1o privado, cinco ba\u00f1os m\u00e1s, parqueadero para 10 veh\u00edculos, zona social, BBQ , tanque subterr\u00e1neo &hellip;<\/p>\n<p class=\"read-more\"> <a class=\"\" href=\"https:\/\/moraventas.com\/index.php\/product\/cabana-la-catalana-chinacota\/\"> <span class=\"screen-reader-text\">CABA\u00d1A LA CATALANA CHIN\u00c1COTA<\/span> Leer m\u00e1s &raquo;<\/a><\/p>\n","protected":false},"featured_media":5404,"comment_status":"open","ping_status":"closed","template":"","meta":{"om_disable_all_campaigns":false,"_monsterinsights_skip_tracking":false,"_monsterinsights_sitenote_active":false,"_monsterinsights_sitenote_note":"","_monsterinsights_sitenote_category":0,"spay_email":""},"product_cat":[84],"product_tag":[],"class_list":["post-5406","product","type-product","status-publish","has-post-thumbnail","hentry","product_cat-fincas"],"_links":{"self":[{"href":"https:\/\/moraventas.com\/index.php\/wp-json\/wp\/v2\/product\/5406","targetHints":{"allow":["GET"]}}],"collection":[{"href":"https:\/\/moraventas.com\/index.php\/wp-json\/wp\/v2\/product"}],"about":[{"href":"https:\/\/moraventas.com\/index.php\/wp-json\/wp\/v2\/types\/product"}],"replies":[{"embeddable":true,"href":"https:\/\/moraventas.com\/index.php\/wp-json\/wp\/v2\/comments?post=5406"}],"wp:featuredmedia":[{"embeddable":true,"href":"https:\/\/moraventas.com\/index.php\/wp-json\/wp\/v2\/media\/5404"}],"wp:attachment":[{"href":"https:\/\/moraventas.com\/index.php\/wp-json\/wp\/v2\/media?parent=5406"}],"wp:term":[{"taxonomy":"product_cat","embeddable":true,"href":"https:\/\/moraventas.com\/index.php\/wp-json\/wp\/v2\/product_cat?post=5406"},{"taxonomy":"product_tag","embeddable":true,"href":"https:\/\/moraventas.com\/index.php\/wp-json\/wp\/v2\/product_tag?post=5406"}],"curies":[{"name":"wp","href":"https:\/\/api.w.org\/{rel}","templated":true}]}}