{"id":5420,"date":"2023-04-20T19:16:56","date_gmt":"2023-04-21T00:16:56","guid":{"rendered":"https:\/\/moraventas.com\/index.php\/product\/apartamento-edificio-platino-bella-vista-los-patios\/"},"modified":"2025-03-26T15:24:30","modified_gmt":"2025-03-26T20:24:30","slug":"apartamento-edificio-platino-bella-vista-los-patios","status":"publish","type":"product","link":"https:\/\/moraventas.com\/index.php\/product\/apartamento-edificio-platino-bella-vista-los-patios\/","title":{"rendered":"1- APARTAMENTO EDIFICIO PLATINO BELLA VISTA LOS PATIOS"},"content":{"rendered":"<p>Precioso apartamento de 77 m\u00b2, en la parte alta de Bella Vista, lo que le da un clima m\u00e1s suave. Tiene una alcoba amplia y confortable con su ba\u00f1o privado, cocina, sala, comedor, balc\u00f3n, parqueadero para un veh\u00edculo, piscina y zona social acogedora.<\/p>\n","protected":false},"excerpt":{"rendered":"<p>Precioso apartamento de 77 m\u00b2, en la parte alta de Bella Vista, lo que le da un clima m\u00e1s suave. Tiene una alcoba amplia y confortable con su ba\u00f1o privado, cocina, sala, comedor, balc\u00f3n, parqueadero para un veh\u00edculo, piscina y zona social acogedora.<\/p>\n","protected":false},"featured_media":5416,"comment_status":"open","ping_status":"closed","template":"","meta":{"om_disable_all_campaigns":false,"_monsterinsights_skip_tracking":false,"_monsterinsights_sitenote_active":false,"_monsterinsights_sitenote_note":"","_monsterinsights_sitenote_category":0,"spay_email":""},"product_cat":[81],"product_tag":[],"class_list":["post-5420","product","type-product","status-publish","has-post-thumbnail","hentry","product_cat-apartamentos"],"_links":{"self":[{"href":"https:\/\/moraventas.com\/index.php\/wp-json\/wp\/v2\/product\/5420","targetHints":{"allow":["GET"]}}],"collection":[{"href":"https:\/\/moraventas.com\/index.php\/wp-json\/wp\/v2\/product"}],"about":[{"href":"https:\/\/moraventas.com\/index.php\/wp-json\/wp\/v2\/types\/product"}],"replies":[{"embeddable":true,"href":"https:\/\/moraventas.com\/index.php\/wp-json\/wp\/v2\/comments?post=5420"}],"wp:featuredmedia":[{"embeddable":true,"href":"https:\/\/moraventas.com\/index.php\/wp-json\/wp\/v2\/media\/5416"}],"wp:attachment":[{"href":"https:\/\/moraventas.com\/index.php\/wp-json\/wp\/v2\/media?parent=5420"}],"wp:term":[{"taxonomy":"product_cat","embeddable":true,"href":"https:\/\/moraventas.com\/index.php\/wp-json\/wp\/v2\/product_cat?post=5420"},{"taxonomy":"product_tag","embeddable":true,"href":"https:\/\/moraventas.com\/index.php\/wp-json\/wp\/v2\/product_tag?post=5420"}],"curies":[{"name":"wp","href":"https:\/\/api.w.org\/{rel}","templated":true}]}}