{"id":5438,"date":"2023-04-29T20:20:15","date_gmt":"2023-04-30T01:20:15","guid":{"rendered":"https:\/\/moraventas.com\/index.php\/product\/lote-conjunto-cerrado-barrio-molinos-cucuta-2\/"},"modified":"2023-05-20T22:12:07","modified_gmt":"2023-05-21T03:12:07","slug":"lote-conjunto-cerrado-barrio-molinos-cucuta-2","status":"publish","type":"product","link":"https:\/\/moraventas.com\/index.php\/product\/lote-conjunto-cerrado-barrio-molinos-cucuta-2\/","title":{"rendered":"LOTE CONJUNTO CERRADO BARRIO MOLINOS C\u00daCUTA"},"content":{"rendered":"<p>\ufffc Lote de 81 m\u00b2 dentro del conjunto cerrado Molinos, es de los muy pocos lotes que quedan libres ya que el conjunto est\u00e1 totalmente construido. Tiene el servicio del agua, de luz y de gas domiciliario, es decir es un lote de precio muy c\u00f3modo con todas las comodidades y posibilidades de construir una casa bonita y acogedora adem\u00e1s de amplia<\/p>\n","protected":false},"excerpt":{"rendered":"<p>\ufffc Lote de 81 m\u00b2 dentro del conjunto cerrado Molinos, es de los muy pocos lotes que quedan libres ya que el conjunto est\u00e1 totalmente construido. Tiene el servicio del agua, de luz y de gas domiciliario, es decir es un lote de precio muy c\u00f3modo con todas las comodidades y posibilidades de construir una &hellip;<\/p>\n<p class=\"read-more\"> <a class=\"\" href=\"https:\/\/moraventas.com\/index.php\/product\/lote-conjunto-cerrado-barrio-molinos-cucuta-2\/\"> <span class=\"screen-reader-text\">LOTE CONJUNTO CERRADO BARRIO MOLINOS C\u00daCUTA<\/span> Leer m\u00e1s &raquo;<\/a><\/p>\n","protected":false},"featured_media":5435,"comment_status":"open","ping_status":"closed","template":"","meta":{"om_disable_all_campaigns":false,"_monsterinsights_skip_tracking":false,"_monsterinsights_sitenote_active":false,"_monsterinsights_sitenote_note":"","_monsterinsights_sitenote_category":0,"spay_email":""},"product_cat":[85],"product_tag":[],"class_list":["post-5438","product","type-product","status-publish","has-post-thumbnail","hentry","product_cat-lotes"],"_links":{"self":[{"href":"https:\/\/moraventas.com\/index.php\/wp-json\/wp\/v2\/product\/5438","targetHints":{"allow":["GET"]}}],"collection":[{"href":"https:\/\/moraventas.com\/index.php\/wp-json\/wp\/v2\/product"}],"about":[{"href":"https:\/\/moraventas.com\/index.php\/wp-json\/wp\/v2\/types\/product"}],"replies":[{"embeddable":true,"href":"https:\/\/moraventas.com\/index.php\/wp-json\/wp\/v2\/comments?post=5438"}],"wp:featuredmedia":[{"embeddable":true,"href":"https:\/\/moraventas.com\/index.php\/wp-json\/wp\/v2\/media\/5435"}],"wp:attachment":[{"href":"https:\/\/moraventas.com\/index.php\/wp-json\/wp\/v2\/media?parent=5438"}],"wp:term":[{"taxonomy":"product_cat","embeddable":true,"href":"https:\/\/moraventas.com\/index.php\/wp-json\/wp\/v2\/product_cat?post=5438"},{"taxonomy":"product_tag","embeddable":true,"href":"https:\/\/moraventas.com\/index.php\/wp-json\/wp\/v2\/product_tag?post=5438"}],"curies":[{"name":"wp","href":"https:\/\/api.w.org\/{rel}","templated":true}]}}