{"id":5443,"date":"2023-05-03T07:28:26","date_gmt":"2023-05-03T12:28:26","guid":{"rendered":"https:\/\/moraventas.com\/index.php\/product\/ferreteria-barrio-niza-cucuta\/"},"modified":"2023-05-20T22:12:00","modified_gmt":"2023-05-21T03:12:00","slug":"ferreteria-barrio-niza-cucuta","status":"publish","type":"product","link":"https:\/\/moraventas.com\/index.php\/product\/ferreteria-barrio-niza-cucuta\/","title":{"rendered":"FERRETER\u00cdA BARRIO NIZA C\u00daCUTA"},"content":{"rendered":"<p>Ferreteria con una antig\u00fcedad de 11 a\u00f1os, es decir con un flujo de caja asegurado, diario. S\u00f3lo est\u00e1 en venta el negocio y su inventario y se paga un arriendo de $1.800.000.00 mensual. Est\u00e1 situada sobre la avenida del R\u00edo que conduce al centro comercial jard\u00edn plaza.\ufffc<\/p>\n","protected":false},"excerpt":{"rendered":"<p>Ferreteria con una antig\u00fcedad de 11 a\u00f1os, es decir con un flujo de caja asegurado, diario. S\u00f3lo est\u00e1 en venta el negocio y su inventario y se paga un arriendo de $1.800.000.00 mensual. Est\u00e1 situada sobre la avenida del R\u00edo que conduce al centro comercial jard\u00edn plaza.\ufffc<\/p>\n","protected":false},"featured_media":5439,"comment_status":"open","ping_status":"closed","template":"","meta":{"om_disable_all_campaigns":false,"_monsterinsights_skip_tracking":false,"_monsterinsights_sitenote_active":false,"_monsterinsights_sitenote_note":"","_monsterinsights_sitenote_category":0,"spay_email":""},"product_cat":[83],"product_tag":[],"class_list":["post-5443","product","type-product","status-publish","has-post-thumbnail","hentry","product_cat-negocios"],"_links":{"self":[{"href":"https:\/\/moraventas.com\/index.php\/wp-json\/wp\/v2\/product\/5443","targetHints":{"allow":["GET"]}}],"collection":[{"href":"https:\/\/moraventas.com\/index.php\/wp-json\/wp\/v2\/product"}],"about":[{"href":"https:\/\/moraventas.com\/index.php\/wp-json\/wp\/v2\/types\/product"}],"replies":[{"embeddable":true,"href":"https:\/\/moraventas.com\/index.php\/wp-json\/wp\/v2\/comments?post=5443"}],"wp:featuredmedia":[{"embeddable":true,"href":"https:\/\/moraventas.com\/index.php\/wp-json\/wp\/v2\/media\/5439"}],"wp:attachment":[{"href":"https:\/\/moraventas.com\/index.php\/wp-json\/wp\/v2\/media?parent=5443"}],"wp:term":[{"taxonomy":"product_cat","embeddable":true,"href":"https:\/\/moraventas.com\/index.php\/wp-json\/wp\/v2\/product_cat?post=5443"},{"taxonomy":"product_tag","embeddable":true,"href":"https:\/\/moraventas.com\/index.php\/wp-json\/wp\/v2\/product_tag?post=5443"}],"curies":[{"name":"wp","href":"https:\/\/api.w.org\/{rel}","templated":true}]}}