{"id":5477,"date":"2023-05-20T18:16:27","date_gmt":"2023-05-20T23:16:27","guid":{"rendered":"https:\/\/moraventas.com\/index.php\/product\/casa-prados-del-este-cucuta\/"},"modified":"2023-10-04T00:04:41","modified_gmt":"2023-10-04T05:04:41","slug":"casa-prados-del-este-cucuta","status":"publish","type":"product","link":"https:\/\/moraventas.com\/index.php\/product\/casa-prados-del-este-cucuta\/","title":{"rendered":"CASA PRADOS DEL ESTE CUCUTA"},"content":{"rendered":"<p>Casa situada en la v\u00eda principal del barrio Prados del Este en C\u00facuta. Tiene 1 \u00e1rea de terreno de 162 m\u00b2. Es una casa esquinera y por lo tanto tiene doble frente y ha permitido acondicionar dos locales.<\/p>\n<p>Adem\u00e1s de los dos locales tiene Porsche, tres habitaciones, dos ba\u00f1os, sala comedor, cocina, y patio de ropas.<\/p>\n","protected":false},"excerpt":{"rendered":"<p>Casa situada en la v\u00eda principal del barrio Prados del Este en C\u00facuta. Tiene 1 \u00e1rea de terreno de 162 m\u00b2. Es una casa esquinera y por lo tanto tiene doble frente y ha permitido acondicionar dos locales. Adem\u00e1s de los dos locales tiene Porsche, tres habitaciones, dos ba\u00f1os, sala comedor, cocina, y patio de &hellip;<\/p>\n<p class=\"read-more\"> <a class=\"\" href=\"https:\/\/moraventas.com\/index.php\/product\/casa-prados-del-este-cucuta\/\"> <span class=\"screen-reader-text\">CASA PRADOS DEL ESTE CUCUTA<\/span> Leer m\u00e1s &raquo;<\/a><\/p>\n","protected":false},"featured_media":5476,"comment_status":"open","ping_status":"closed","template":"","meta":{"om_disable_all_campaigns":false,"_monsterinsights_skip_tracking":false,"_monsterinsights_sitenote_active":false,"_monsterinsights_sitenote_note":"","_monsterinsights_sitenote_category":0,"spay_email":""},"product_cat":[82],"product_tag":[],"class_list":["post-5477","product","type-product","status-publish","has-post-thumbnail","hentry","product_cat-casas"],"_links":{"self":[{"href":"https:\/\/moraventas.com\/index.php\/wp-json\/wp\/v2\/product\/5477","targetHints":{"allow":["GET"]}}],"collection":[{"href":"https:\/\/moraventas.com\/index.php\/wp-json\/wp\/v2\/product"}],"about":[{"href":"https:\/\/moraventas.com\/index.php\/wp-json\/wp\/v2\/types\/product"}],"replies":[{"embeddable":true,"href":"https:\/\/moraventas.com\/index.php\/wp-json\/wp\/v2\/comments?post=5477"}],"wp:featuredmedia":[{"embeddable":true,"href":"https:\/\/moraventas.com\/index.php\/wp-json\/wp\/v2\/media\/5476"}],"wp:attachment":[{"href":"https:\/\/moraventas.com\/index.php\/wp-json\/wp\/v2\/media?parent=5477"}],"wp:term":[{"taxonomy":"product_cat","embeddable":true,"href":"https:\/\/moraventas.com\/index.php\/wp-json\/wp\/v2\/product_cat?post=5477"},{"taxonomy":"product_tag","embeddable":true,"href":"https:\/\/moraventas.com\/index.php\/wp-json\/wp\/v2\/product_tag?post=5477"}],"curies":[{"name":"wp","href":"https:\/\/api.w.org\/{rel}","templated":true}]}}