{"id":5522,"date":"2023-05-21T19:36:44","date_gmt":"2023-05-22T00:36:44","guid":{"rendered":"https:\/\/moraventas.com\/index.php\/product\/lote-conjunto-cerrado-veracas-chinacota\/"},"modified":"2023-05-21T20:22:17","modified_gmt":"2023-05-22T01:22:17","slug":"lote-conjunto-cerrado-veracas-chinacota","status":"publish","type":"product","link":"https:\/\/moraventas.com\/index.php\/product\/lote-conjunto-cerrado-veracas-chinacota\/","title":{"rendered":"LOTE CONJUNTO CERRADO \n\nRESERVA DE BERAKHAH CHIN\u00c1COTA"},"content":{"rendered":"<p>Lote de 464 m\u00b2 situado dentro del conjunto cerrado Veracas \ufffc llegando a Chin\u00e1cota en viaje de C\u00facuta. Es un conjunto lleno de naturaleza d\u00f3nde se goza de gran tranquilidad, clima muy suave y con acceso a la quebrada de ISCALA. \ufffc\ufffc<\/p>\n","protected":false},"excerpt":{"rendered":"<p>Lote de 464 m\u00b2 situado dentro del conjunto cerrado Veracas \ufffc llegando a Chin\u00e1cota en viaje de C\u00facuta. Es un conjunto lleno de naturaleza d\u00f3nde se goza de gran tranquilidad, clima muy suave y con acceso a la quebrada de ISCALA. \ufffc\ufffc<\/p>\n","protected":false},"featured_media":5518,"comment_status":"open","ping_status":"closed","template":"","meta":{"om_disable_all_campaigns":false,"_monsterinsights_skip_tracking":false,"_monsterinsights_sitenote_active":false,"_monsterinsights_sitenote_note":"","_monsterinsights_sitenote_category":0,"spay_email":""},"product_cat":[85],"product_tag":[],"class_list":["post-5522","product","type-product","status-publish","has-post-thumbnail","hentry","product_cat-lotes"],"_links":{"self":[{"href":"https:\/\/moraventas.com\/index.php\/wp-json\/wp\/v2\/product\/5522","targetHints":{"allow":["GET"]}}],"collection":[{"href":"https:\/\/moraventas.com\/index.php\/wp-json\/wp\/v2\/product"}],"about":[{"href":"https:\/\/moraventas.com\/index.php\/wp-json\/wp\/v2\/types\/product"}],"replies":[{"embeddable":true,"href":"https:\/\/moraventas.com\/index.php\/wp-json\/wp\/v2\/comments?post=5522"}],"wp:featuredmedia":[{"embeddable":true,"href":"https:\/\/moraventas.com\/index.php\/wp-json\/wp\/v2\/media\/5518"}],"wp:attachment":[{"href":"https:\/\/moraventas.com\/index.php\/wp-json\/wp\/v2\/media?parent=5522"}],"wp:term":[{"taxonomy":"product_cat","embeddable":true,"href":"https:\/\/moraventas.com\/index.php\/wp-json\/wp\/v2\/product_cat?post=5522"},{"taxonomy":"product_tag","embeddable":true,"href":"https:\/\/moraventas.com\/index.php\/wp-json\/wp\/v2\/product_tag?post=5522"}],"curies":[{"name":"wp","href":"https:\/\/api.w.org\/{rel}","templated":true}]}}