{"id":5533,"date":"2023-05-26T17:39:07","date_gmt":"2023-05-26T22:39:07","guid":{"rendered":"https:\/\/moraventas.com\/index.php\/product\/granja-equina-juan-frio-villa-del-rosario\/"},"modified":"2023-05-26T19:53:13","modified_gmt":"2023-05-27T00:53:13","slug":"granja-equina-juan-frio-villa-del-rosario","status":"publish","type":"product","link":"https:\/\/moraventas.com\/index.php\/product\/granja-equina-juan-frio-villa-del-rosario\/","title":{"rendered":"GRANJA EQUINA JUAN FR\u00cdO VILLA DEL ROSARIO"},"content":{"rendered":"<p>Es un paraje a 6 km del centro de Villa Del Rosario, con una naturaleza exuberante, agua corriente por todo su territorio, agua del acueducto con tanques con capacidad de almacenaje de 7000 litros.\ufffc<\/p>\n<p>Tiene un \u00e1rea 8795 m\u00b2, ocho pesebreras, dos apriscos, \ufffc con capacidad para 10 \ufffccabras de cria, cada uno, condiciones \u00f3ptimas para cr\u00eda de cachamas, por la abundancia de agua, dos habitaciones, una de ellas con aire acondicionado, un ba\u00f1o, una cocina de le\u00f1a y una cocina de gas, todo con gran sencillez y comodidad.<\/p>\n<p>Incluye tambi\u00e9n 2 caballos enteros y dos yeguas Paso fino, arreglados para competencia, con registro FEDEQUINAS.\ufffc<\/p>\n","protected":false},"excerpt":{"rendered":"<p>Es un paraje a 6 km del centro de Villa Del Rosario, con una naturaleza exuberante, agua corriente por todo su territorio, agua del acueducto con tanques con capacidad de almacenaje de 7000 litros.\ufffc Tiene un \u00e1rea 8795 m\u00b2, ocho pesebreras, dos apriscos, \ufffc con capacidad para 10 \ufffccabras de cria, cada uno, condiciones \u00f3ptimas &hellip;<\/p>\n<p class=\"read-more\"> <a class=\"\" href=\"https:\/\/moraventas.com\/index.php\/product\/granja-equina-juan-frio-villa-del-rosario\/\"> <span class=\"screen-reader-text\">GRANJA EQUINA JUAN FR\u00cdO VILLA DEL ROSARIO<\/span> Leer m\u00e1s &raquo;<\/a><\/p>\n","protected":false},"featured_media":5532,"comment_status":"open","ping_status":"closed","template":"","meta":{"om_disable_all_campaigns":false,"_monsterinsights_skip_tracking":false,"_monsterinsights_sitenote_active":false,"_monsterinsights_sitenote_note":"","_monsterinsights_sitenote_category":0,"spay_email":""},"product_cat":[84],"product_tag":[],"class_list":["post-5533","product","type-product","status-publish","has-post-thumbnail","hentry","product_cat-fincas"],"_links":{"self":[{"href":"https:\/\/moraventas.com\/index.php\/wp-json\/wp\/v2\/product\/5533","targetHints":{"allow":["GET"]}}],"collection":[{"href":"https:\/\/moraventas.com\/index.php\/wp-json\/wp\/v2\/product"}],"about":[{"href":"https:\/\/moraventas.com\/index.php\/wp-json\/wp\/v2\/types\/product"}],"replies":[{"embeddable":true,"href":"https:\/\/moraventas.com\/index.php\/wp-json\/wp\/v2\/comments?post=5533"}],"wp:featuredmedia":[{"embeddable":true,"href":"https:\/\/moraventas.com\/index.php\/wp-json\/wp\/v2\/media\/5532"}],"wp:attachment":[{"href":"https:\/\/moraventas.com\/index.php\/wp-json\/wp\/v2\/media?parent=5533"}],"wp:term":[{"taxonomy":"product_cat","embeddable":true,"href":"https:\/\/moraventas.com\/index.php\/wp-json\/wp\/v2\/product_cat?post=5533"},{"taxonomy":"product_tag","embeddable":true,"href":"https:\/\/moraventas.com\/index.php\/wp-json\/wp\/v2\/product_tag?post=5533"}],"curies":[{"name":"wp","href":"https:\/\/api.w.org\/{rel}","templated":true}]}}