{"id":5762,"date":"2023-10-11T18:32:16","date_gmt":"2023-10-11T23:32:16","guid":{"rendered":"https:\/\/moraventas.com\/index.php\/product\/locales-comerciales-rentando-18-millones-en-cucuta\/"},"modified":"2023-10-11T18:32:16","modified_gmt":"2023-10-11T23:32:16","slug":"locales-comerciales-rentando-18-millones-en-cucuta","status":"publish","type":"product","link":"https:\/\/moraventas.com\/index.php\/product\/locales-comerciales-rentando-18-millones-en-cucuta\/","title":{"rendered":"LOCALES COMERCIALES RENTANDO 18 MILLONES EN C\u00daCUTA"},"content":{"rendered":"<p>Edificio de tres pisos en sector comercial de La Ciudadela Atalaya de C\u00facuta.<\/p>\n<p>Son 11 locales comerciales que en conjunto rentan 18 millones de pesos al mes.<\/p>\n<p>El \u00e1rea del terreno es de 200 m\u00b2 y el \u00e1rea construida son 600 m\u00b2 .<\/p>\n<p>Un inmueble que rente el medio por ciento mensual empieza a ser buena inversi\u00f3n. Esta es una inversi\u00f3n excepcional porque renta el 1.29% mensual m\u00e1s la valorizaci\u00f3n y un aumento anual de arriendo m\u00ednimo equivalente al \u00edndice de inflaci\u00f3n\ufffc<\/p>\n","protected":false},"excerpt":{"rendered":"<p>Edificio de tres pisos en sector comercial de La Ciudadela Atalaya de C\u00facuta. Son 11 locales comerciales que en conjunto rentan 18 millones de pesos al mes. El \u00e1rea del terreno es de 200 m\u00b2 y el \u00e1rea construida son 600 m\u00b2 . Un inmueble que rente el medio por ciento mensual empieza a ser &hellip;<\/p>\n<p class=\"read-more\"> <a class=\"\" href=\"https:\/\/moraventas.com\/index.php\/product\/locales-comerciales-rentando-18-millones-en-cucuta\/\"> <span class=\"screen-reader-text\">LOCALES COMERCIALES RENTANDO 18 MILLONES EN C\u00daCUTA<\/span> Leer m\u00e1s &raquo;<\/a><\/p>\n","protected":false},"featured_media":5761,"comment_status":"open","ping_status":"closed","template":"","meta":{"om_disable_all_campaigns":false,"_monsterinsights_skip_tracking":false,"_monsterinsights_sitenote_active":false,"_monsterinsights_sitenote_note":"","_monsterinsights_sitenote_category":0,"spay_email":""},"product_cat":[83],"product_tag":[],"class_list":["post-5762","product","type-product","status-publish","has-post-thumbnail","hentry","product_cat-negocios"],"_links":{"self":[{"href":"https:\/\/moraventas.com\/index.php\/wp-json\/wp\/v2\/product\/5762","targetHints":{"allow":["GET"]}}],"collection":[{"href":"https:\/\/moraventas.com\/index.php\/wp-json\/wp\/v2\/product"}],"about":[{"href":"https:\/\/moraventas.com\/index.php\/wp-json\/wp\/v2\/types\/product"}],"replies":[{"embeddable":true,"href":"https:\/\/moraventas.com\/index.php\/wp-json\/wp\/v2\/comments?post=5762"}],"wp:featuredmedia":[{"embeddable":true,"href":"https:\/\/moraventas.com\/index.php\/wp-json\/wp\/v2\/media\/5761"}],"wp:attachment":[{"href":"https:\/\/moraventas.com\/index.php\/wp-json\/wp\/v2\/media?parent=5762"}],"wp:term":[{"taxonomy":"product_cat","embeddable":true,"href":"https:\/\/moraventas.com\/index.php\/wp-json\/wp\/v2\/product_cat?post=5762"},{"taxonomy":"product_tag","embeddable":true,"href":"https:\/\/moraventas.com\/index.php\/wp-json\/wp\/v2\/product_tag?post=5762"}],"curies":[{"name":"wp","href":"https:\/\/api.w.org\/{rel}","templated":true}]}}