{"id":5795,"date":"2023-10-23T16:37:30","date_gmt":"2023-10-23T21:37:30","guid":{"rendered":"https:\/\/moraventas.com\/index.php\/product\/casa-para-negocios-alta-rentabilidad-berlin-via-a-cucuta-bmanga\/"},"modified":"2023-10-23T16:37:30","modified_gmt":"2023-10-23T21:37:30","slug":"casa-para-negocios-alta-rentabilidad-berlin-via-a-cucuta-bmanga","status":"publish","type":"product","link":"https:\/\/moraventas.com\/index.php\/product\/casa-para-negocios-alta-rentabilidad-berlin-via-a-cucuta-bmanga\/","title":{"rendered":"CASA PARA NEGOCIOS ALTA RENTABILIDAD BERL\u00cdN VIA A C\u00daCUTA BMANGA"},"content":{"rendered":"<p>Casa con proyecci\u00f3n para Hotel, en el corregimiento de Berl\u00edn, en el bell\u00edsimo P\u00e1ramo de Santurban.\ufffc<\/p>\n<p>Tiene 7 m de frente por 24 m de fondo, y tres pisos.<\/p>\n<p>En el primer piso hay cuatro locales comerciales, en el segundo piso un sal\u00f3n con restaurante y el tercer piso un sal\u00f3n con proyecci\u00f3n para habitaciones.<\/p>\n<p>\ufffc Solo est\u00e1 en uso una tercera parte y ya renta 9 millones de pesos.<\/p>\n<p>\ufffc La zona se ha convertido en atractivo tur\u00edstico y tiene un promisorio futuro econ\u00f3mico.<\/p>\n","protected":false},"excerpt":{"rendered":"<p>Casa con proyecci\u00f3n para Hotel, en el corregimiento de Berl\u00edn, en el bell\u00edsimo P\u00e1ramo de Santurban.\ufffc Tiene 7 m de frente por 24 m de fondo, y tres pisos. En el primer piso hay cuatro locales comerciales, en el segundo piso un sal\u00f3n con restaurante y el tercer piso un sal\u00f3n con proyecci\u00f3n para habitaciones. &hellip;<\/p>\n<p class=\"read-more\"> <a class=\"\" href=\"https:\/\/moraventas.com\/index.php\/product\/casa-para-negocios-alta-rentabilidad-berlin-via-a-cucuta-bmanga\/\"> <span class=\"screen-reader-text\">CASA PARA NEGOCIOS ALTA RENTABILIDAD BERL\u00cdN VIA A C\u00daCUTA BMANGA<\/span> Leer m\u00e1s &raquo;<\/a><\/p>\n","protected":false},"featured_media":5794,"comment_status":"open","ping_status":"closed","template":"","meta":{"om_disable_all_campaigns":false,"_monsterinsights_skip_tracking":false,"_monsterinsights_sitenote_active":false,"_monsterinsights_sitenote_note":"","_monsterinsights_sitenote_category":0,"spay_email":""},"product_cat":[82],"product_tag":[],"class_list":["post-5795","product","type-product","status-publish","has-post-thumbnail","hentry","product_cat-casas"],"_links":{"self":[{"href":"https:\/\/moraventas.com\/index.php\/wp-json\/wp\/v2\/product\/5795","targetHints":{"allow":["GET"]}}],"collection":[{"href":"https:\/\/moraventas.com\/index.php\/wp-json\/wp\/v2\/product"}],"about":[{"href":"https:\/\/moraventas.com\/index.php\/wp-json\/wp\/v2\/types\/product"}],"replies":[{"embeddable":true,"href":"https:\/\/moraventas.com\/index.php\/wp-json\/wp\/v2\/comments?post=5795"}],"wp:featuredmedia":[{"embeddable":true,"href":"https:\/\/moraventas.com\/index.php\/wp-json\/wp\/v2\/media\/5794"}],"wp:attachment":[{"href":"https:\/\/moraventas.com\/index.php\/wp-json\/wp\/v2\/media?parent=5795"}],"wp:term":[{"taxonomy":"product_cat","embeddable":true,"href":"https:\/\/moraventas.com\/index.php\/wp-json\/wp\/v2\/product_cat?post=5795"},{"taxonomy":"product_tag","embeddable":true,"href":"https:\/\/moraventas.com\/index.php\/wp-json\/wp\/v2\/product_tag?post=5795"}],"curies":[{"name":"wp","href":"https:\/\/api.w.org\/{rel}","templated":true}]}}