{"id":5902,"date":"2024-02-24T10:34:17","date_gmt":"2024-02-24T15:34:17","guid":{"rendered":"https:\/\/moraventas.com\/index.php\/product\/local-semi-construido-en-villa-del-rosario\/"},"modified":"2024-02-24T10:34:17","modified_gmt":"2024-02-24T15:34:17","slug":"local-semi-construido-en-villa-del-rosario","status":"publish","type":"product","link":"https:\/\/moraventas.com\/index.php\/product\/local-semi-construido-en-villa-del-rosario\/","title":{"rendered":"LOCAL SEMI CONSTRUIDO EN VILLA DEL ROSARIO"},"content":{"rendered":"<p>Es un lote de 360 m\u00b2, De 10 m de frente por 36 de fondo, con frente en la avenida principal v\u00eda a Juan Fr\u00edo  y com frente  tambi\u00e9n de 10 m  por  la parte posterior. Es decir son 36 m de calle a calle. En este frente tiene un conjunto de 140 \ufffcapartamentos la calle de por medio medio.<\/p>\n<p>Se inici\u00f3 la construcci\u00f3n para un local muy amplio con miras a poner un supermercado o para arrendar a una de las grandes cadenas interesadas en abrir Punto de Ventas en sitios estrat\u00e9gicos.<\/p>\n<p>Hay 150 m\u00b2 construidos en el primer piso, y un segundo piso apto para oficinas de 150 m\u00b2 tambi\u00e9n con sus respectivos ba\u00f1os.<\/p>\n<p>Hay la licencia de construcci\u00f3n y planos para terminar la construcci\u00f3n.<\/p>\n<p>\ufffcEs un punto estrat\u00e9gico por tratarse de la zona de mayor expansi\u00f3n y desarrollo de Villa Del Rosario.<\/p>\n<p>Esta sobre una v\u00eda muy transitada, ya que conduce a Restaurantes, .sitios tur\u00edsticos,  a Ragonvalia y Herran y la frontera con Venezuela<\/p>\n<p>Se aceptan ofertas y tambi\u00e9n se puede recibir un inmueble de menor valor<\/p>\n","protected":false},"excerpt":{"rendered":"<p>Es un lote de 360 m\u00b2, De 10 m de frente por 36 de fondo, con frente en la avenida principal v\u00eda a Juan Fr\u00edo y com frente tambi\u00e9n de 10 m por la parte posterior. Es decir son 36 m de calle a calle. En este frente tiene un conjunto de 140 \ufffcapartamentos la &hellip;<\/p>\n<p class=\"read-more\"> <a class=\"\" href=\"https:\/\/moraventas.com\/index.php\/product\/local-semi-construido-en-villa-del-rosario\/\"> <span class=\"screen-reader-text\">LOCAL SEMI CONSTRUIDO EN VILLA DEL ROSARIO<\/span> Leer m\u00e1s &raquo;<\/a><\/p>\n","protected":false},"featured_media":5901,"comment_status":"open","ping_status":"closed","template":"","meta":{"om_disable_all_campaigns":false,"_monsterinsights_skip_tracking":false,"_monsterinsights_sitenote_active":false,"_monsterinsights_sitenote_note":"","_monsterinsights_sitenote_category":0,"spay_email":""},"product_cat":[82],"product_tag":[],"class_list":["post-5902","product","type-product","status-publish","has-post-thumbnail","hentry","product_cat-casas"],"_links":{"self":[{"href":"https:\/\/moraventas.com\/index.php\/wp-json\/wp\/v2\/product\/5902","targetHints":{"allow":["GET"]}}],"collection":[{"href":"https:\/\/moraventas.com\/index.php\/wp-json\/wp\/v2\/product"}],"about":[{"href":"https:\/\/moraventas.com\/index.php\/wp-json\/wp\/v2\/types\/product"}],"replies":[{"embeddable":true,"href":"https:\/\/moraventas.com\/index.php\/wp-json\/wp\/v2\/comments?post=5902"}],"wp:featuredmedia":[{"embeddable":true,"href":"https:\/\/moraventas.com\/index.php\/wp-json\/wp\/v2\/media\/5901"}],"wp:attachment":[{"href":"https:\/\/moraventas.com\/index.php\/wp-json\/wp\/v2\/media?parent=5902"}],"wp:term":[{"taxonomy":"product_cat","embeddable":true,"href":"https:\/\/moraventas.com\/index.php\/wp-json\/wp\/v2\/product_cat?post=5902"},{"taxonomy":"product_tag","embeddable":true,"href":"https:\/\/moraventas.com\/index.php\/wp-json\/wp\/v2\/product_tag?post=5902"}],"curies":[{"name":"wp","href":"https:\/\/api.w.org\/{rel}","templated":true}]}}