{"id":5925,"date":"2024-04-04T18:36:35","date_gmt":"2024-04-04T23:36:35","guid":{"rendered":"https:\/\/moraventas.com\/index.php\/product\/ferreteria-barrio-aeropuerto-cucuta\/"},"modified":"2024-04-04T18:36:35","modified_gmt":"2024-04-04T23:36:35","slug":"ferreteria-barrio-aeropuerto-cucuta","status":"publish","type":"product","link":"https:\/\/moraventas.com\/index.php\/product\/ferreteria-barrio-aeropuerto-cucuta\/","title":{"rendered":"FERRETER\u00cdA BARRIO AEROPUERTO CUCUTA"},"content":{"rendered":"<p>Ferreter\u00eda con 25 a\u00f1os de antig\u00fcedad, sobre la v\u00eda principal del barrio Aeropuerto de CUCUTA. Tiene un inventario aproximado de 250 millones de pesos \ufffc<\/p>\n","protected":false},"excerpt":{"rendered":"<p>Ferreter\u00eda con 25 a\u00f1os de antig\u00fcedad, sobre la v\u00eda principal del barrio Aeropuerto de CUCUTA. Tiene un inventario aproximado de 250 millones de pesos \ufffc<\/p>\n","protected":false},"featured_media":5924,"comment_status":"open","ping_status":"closed","template":"","meta":{"om_disable_all_campaigns":false,"_monsterinsights_skip_tracking":false,"_monsterinsights_sitenote_active":false,"_monsterinsights_sitenote_note":"","_monsterinsights_sitenote_category":0,"spay_email":""},"product_cat":[83],"product_tag":[],"class_list":["post-5925","product","type-product","status-publish","has-post-thumbnail","hentry","product_cat-negocios"],"_links":{"self":[{"href":"https:\/\/moraventas.com\/index.php\/wp-json\/wp\/v2\/product\/5925","targetHints":{"allow":["GET"]}}],"collection":[{"href":"https:\/\/moraventas.com\/index.php\/wp-json\/wp\/v2\/product"}],"about":[{"href":"https:\/\/moraventas.com\/index.php\/wp-json\/wp\/v2\/types\/product"}],"replies":[{"embeddable":true,"href":"https:\/\/moraventas.com\/index.php\/wp-json\/wp\/v2\/comments?post=5925"}],"wp:featuredmedia":[{"embeddable":true,"href":"https:\/\/moraventas.com\/index.php\/wp-json\/wp\/v2\/media\/5924"}],"wp:attachment":[{"href":"https:\/\/moraventas.com\/index.php\/wp-json\/wp\/v2\/media?parent=5925"}],"wp:term":[{"taxonomy":"product_cat","embeddable":true,"href":"https:\/\/moraventas.com\/index.php\/wp-json\/wp\/v2\/product_cat?post=5925"},{"taxonomy":"product_tag","embeddable":true,"href":"https:\/\/moraventas.com\/index.php\/wp-json\/wp\/v2\/product_tag?post=5925"}],"curies":[{"name":"wp","href":"https:\/\/api.w.org\/{rel}","templated":true}]}}