{"id":5989,"date":"2024-05-01T16:01:00","date_gmt":"2024-05-01T21:01:00","guid":{"rendered":"https:\/\/moraventas.com\/index.php\/product\/tei-fu-essential-blend\/"},"modified":"2025-04-11T07:10:52","modified_gmt":"2025-04-11T12:10:52","slug":"tei-fu-essential-blend","status":"publish","type":"product","link":"https:\/\/moraventas.com\/index.php\/product\/tei-fu-essential-blend\/","title":{"rendered":"Tei-Fu Essential Blend"},"content":{"rendered":"<p>Beneficios<\/p>\n<p>\u2022 Estimula el cerebro ayudando a la concentraci\u00f3n y atenci\u00f3n, mejora el estado de \u00e1nimo.<\/p>\n<p>\u2022 Est\u00e1 dise\u00f1ado para aplicar en la piel, sobre la frente en caso<\/p>\n<p>de dolor de cabeza, especialmente los causado por estr\u00e9s y agotamiento nervioso.<\/p>\n<p>Se puede inhalar en forma de vapores, logrando as\u00ed propiedades broncodilatadoras.<\/p>\n<p>Presentaci\u00f3n<\/p>\n<p>Frasco por 15 ml.<\/p>\n","protected":false},"excerpt":{"rendered":"<p>Beneficios \u2022 Estimula el cerebro ayudando a la concentraci\u00f3n y atenci\u00f3n, mejora el estado de \u00e1nimo. \u2022 Est\u00e1 dise\u00f1ado para aplicar en la piel, sobre la frente en caso de dolor de cabeza, especialmente los causado por estr\u00e9s y agotamiento nervioso. Se puede inhalar en forma de vapores, logrando as\u00ed propiedades broncodilatadoras. Presentaci\u00f3n Frasco por &hellip;<\/p>\n<p class=\"read-more\"> <a class=\"\" href=\"https:\/\/moraventas.com\/index.php\/product\/tei-fu-essential-blend\/\"> <span class=\"screen-reader-text\">Tei-Fu Essential Blend<\/span> Leer m\u00e1s &raquo;<\/a><\/p>\n","protected":false},"featured_media":5988,"comment_status":"open","ping_status":"closed","template":"","meta":{"om_disable_all_campaigns":false,"_monsterinsights_skip_tracking":false,"_monsterinsights_sitenote_active":false,"_monsterinsights_sitenote_note":"","_monsterinsights_sitenote_category":0,"spay_email":""},"product_cat":[15],"product_tag":[],"class_list":["post-5989","product","type-product","status-publish","has-post-thumbnail","hentry","product_cat-productos-salud"],"_links":{"self":[{"href":"https:\/\/moraventas.com\/index.php\/wp-json\/wp\/v2\/product\/5989","targetHints":{"allow":["GET"]}}],"collection":[{"href":"https:\/\/moraventas.com\/index.php\/wp-json\/wp\/v2\/product"}],"about":[{"href":"https:\/\/moraventas.com\/index.php\/wp-json\/wp\/v2\/types\/product"}],"replies":[{"embeddable":true,"href":"https:\/\/moraventas.com\/index.php\/wp-json\/wp\/v2\/comments?post=5989"}],"wp:featuredmedia":[{"embeddable":true,"href":"https:\/\/moraventas.com\/index.php\/wp-json\/wp\/v2\/media\/5988"}],"wp:attachment":[{"href":"https:\/\/moraventas.com\/index.php\/wp-json\/wp\/v2\/media?parent=5989"}],"wp:term":[{"taxonomy":"product_cat","embeddable":true,"href":"https:\/\/moraventas.com\/index.php\/wp-json\/wp\/v2\/product_cat?post=5989"},{"taxonomy":"product_tag","embeddable":true,"href":"https:\/\/moraventas.com\/index.php\/wp-json\/wp\/v2\/product_tag?post=5989"}],"curies":[{"name":"wp","href":"https:\/\/api.w.org\/{rel}","templated":true}]}}