{"id":5997,"date":"2024-05-13T17:59:48","date_gmt":"2024-05-13T22:59:48","guid":{"rendered":"https:\/\/moraventas.com\/index.php\/product\/apartamento-barrio-colsag-cucuta\/"},"modified":"2024-05-13T17:59:48","modified_gmt":"2024-05-13T22:59:48","slug":"apartamento-barrio-colsag-cucuta","status":"publish","type":"product","link":"https:\/\/moraventas.com\/index.php\/product\/apartamento-barrio-colsag-cucuta\/","title":{"rendered":"APARTAMENTO BARRIO COLSAG CUCUTA"},"content":{"rendered":"<p>C\u00f3modo apartamento en un segundo piso del barrio Colsag. Tiene tres habitaciones, la principal con ba\u00f1o privado, ba\u00f1o social, sala comedor, balc\u00f3n y est\u00e1 en una situaci\u00f3n estrat\u00e9gica y tranquila, en un barrio muy residencial cerca a supermercados, cl\u00ednicas, bancos y todos los servicios<\/p>\n<p>71 m\u00b2<\/p>\n","protected":false},"excerpt":{"rendered":"<p>C\u00f3modo apartamento en un segundo piso del barrio Colsag. Tiene tres habitaciones, la principal con ba\u00f1o privado, ba\u00f1o social, sala comedor, balc\u00f3n y est\u00e1 en una situaci\u00f3n estrat\u00e9gica y tranquila, en un barrio muy residencial cerca a supermercados, cl\u00ednicas, bancos y todos los servicios 71 m\u00b2<\/p>\n","protected":false},"featured_media":5995,"comment_status":"open","ping_status":"closed","template":"","meta":{"om_disable_all_campaigns":false,"_monsterinsights_skip_tracking":false,"_monsterinsights_sitenote_active":false,"_monsterinsights_sitenote_note":"","_monsterinsights_sitenote_category":0,"spay_email":""},"product_cat":[81],"product_tag":[],"class_list":["post-5997","product","type-product","status-publish","has-post-thumbnail","hentry","product_cat-apartamentos"],"_links":{"self":[{"href":"https:\/\/moraventas.com\/index.php\/wp-json\/wp\/v2\/product\/5997","targetHints":{"allow":["GET"]}}],"collection":[{"href":"https:\/\/moraventas.com\/index.php\/wp-json\/wp\/v2\/product"}],"about":[{"href":"https:\/\/moraventas.com\/index.php\/wp-json\/wp\/v2\/types\/product"}],"replies":[{"embeddable":true,"href":"https:\/\/moraventas.com\/index.php\/wp-json\/wp\/v2\/comments?post=5997"}],"wp:featuredmedia":[{"embeddable":true,"href":"https:\/\/moraventas.com\/index.php\/wp-json\/wp\/v2\/media\/5995"}],"wp:attachment":[{"href":"https:\/\/moraventas.com\/index.php\/wp-json\/wp\/v2\/media?parent=5997"}],"wp:term":[{"taxonomy":"product_cat","embeddable":true,"href":"https:\/\/moraventas.com\/index.php\/wp-json\/wp\/v2\/product_cat?post=5997"},{"taxonomy":"product_tag","embeddable":true,"href":"https:\/\/moraventas.com\/index.php\/wp-json\/wp\/v2\/product_tag?post=5997"}],"curies":[{"name":"wp","href":"https:\/\/api.w.org\/{rel}","templated":true}]}}