{"id":6012,"date":"2024-05-24T06:37:44","date_gmt":"2024-05-24T11:37:44","guid":{"rendered":"https:\/\/moraventas.com\/index.php\/product\/lote-mesa-de-los-santos\/"},"modified":"2024-05-24T06:37:44","modified_gmt":"2024-05-24T11:37:44","slug":"lote-mesa-de-los-santos","status":"publish","type":"product","link":"https:\/\/moraventas.com\/index.php\/product\/lote-mesa-de-los-santos\/","title":{"rendered":"LOTE MESA DE LOS SANTOS"},"content":{"rendered":"<p>Precioso lote de 1250 m\u00b2 en zona de m\u00e1s desarrollo tur\u00edstico de la Mesa de los Santos.<\/p>\n<p>La mesa de los Santos se ha convertido en uno de los sitios con mayor afluencia de turistas, tanto nacionales como extranjeros, por su paisaje, y facilidad para apreciar el imponente ca\u00f1\u00f3n del Chicamocha.<\/p>\n<p>Tambi\u00e9n por la facilidad de llegar al otro lado del ca\u00f1\u00f3n por medio del telef\u00e9rico.<\/p>\n<p>Es de las zonas de mayor porvenir tur\u00edstico en el territorio colombiano. No se necesita mucha visi\u00f3n, para comprender que una inversi\u00f3n en este sitio tiene un futuro muy promisorio \ufffc<\/p>\n","protected":false},"excerpt":{"rendered":"<p>Precioso lote de 1250 m\u00b2 en zona de m\u00e1s desarrollo tur\u00edstico de la Mesa de los Santos. La mesa de los Santos se ha convertido en uno de los sitios con mayor afluencia de turistas, tanto nacionales como extranjeros, por su paisaje, y facilidad para apreciar el imponente ca\u00f1\u00f3n del Chicamocha. Tambi\u00e9n por la facilidad &hellip;<\/p>\n<p class=\"read-more\"> <a class=\"\" href=\"https:\/\/moraventas.com\/index.php\/product\/lote-mesa-de-los-santos\/\"> <span class=\"screen-reader-text\">LOTE MESA DE LOS SANTOS<\/span> Leer m\u00e1s &raquo;<\/a><\/p>\n","protected":false},"featured_media":6011,"comment_status":"open","ping_status":"closed","template":"","meta":{"om_disable_all_campaigns":false,"_monsterinsights_skip_tracking":false,"_monsterinsights_sitenote_active":false,"_monsterinsights_sitenote_note":"","_monsterinsights_sitenote_category":0,"spay_email":""},"product_cat":[85],"product_tag":[],"class_list":["post-6012","product","type-product","status-publish","has-post-thumbnail","hentry","product_cat-lotes"],"_links":{"self":[{"href":"https:\/\/moraventas.com\/index.php\/wp-json\/wp\/v2\/product\/6012","targetHints":{"allow":["GET"]}}],"collection":[{"href":"https:\/\/moraventas.com\/index.php\/wp-json\/wp\/v2\/product"}],"about":[{"href":"https:\/\/moraventas.com\/index.php\/wp-json\/wp\/v2\/types\/product"}],"replies":[{"embeddable":true,"href":"https:\/\/moraventas.com\/index.php\/wp-json\/wp\/v2\/comments?post=6012"}],"wp:featuredmedia":[{"embeddable":true,"href":"https:\/\/moraventas.com\/index.php\/wp-json\/wp\/v2\/media\/6011"}],"wp:attachment":[{"href":"https:\/\/moraventas.com\/index.php\/wp-json\/wp\/v2\/media?parent=6012"}],"wp:term":[{"taxonomy":"product_cat","embeddable":true,"href":"https:\/\/moraventas.com\/index.php\/wp-json\/wp\/v2\/product_cat?post=6012"},{"taxonomy":"product_tag","embeddable":true,"href":"https:\/\/moraventas.com\/index.php\/wp-json\/wp\/v2\/product_tag?post=6012"}],"curies":[{"name":"wp","href":"https:\/\/api.w.org\/{rel}","templated":true}]}}