{"id":6070,"date":"2024-08-04T15:41:39","date_gmt":"2024-08-04T20:41:39","guid":{"rendered":"https:\/\/moraventas.com\/?post_type=product&#038;p=6070"},"modified":"2026-03-18T14:48:06","modified_gmt":"2026-03-18T19:48:06","slug":"bodega-barrio-panamericano-cucuta","status":"publish","type":"product","link":"https:\/\/moraventas.com\/index.php\/product\/bodega-barrio-panamericano-cucuta\/","title":{"rendered":"BODEGA BARRIO PANAMERICANO CUCUTA"},"content":{"rendered":"<p>Amplia Bodega con f\u00e1cil entrada de camiones, con una parte cubierta y otro descubierta, confortables oficinas y ba\u00f1os.<\/p>\n<p>La extensi\u00f3n del terreno es de 665 m\u00b2.<\/p>\n<p>Se aceptan ofertas y permutas \ufffc<\/p>\n","protected":false},"excerpt":{"rendered":"<p>Amplia Bodega con f\u00e1cil entrada de camiones, con una parte cubierta y otro descubierta, confortables oficinas y ba\u00f1os. La extensi\u00f3n del terreno es de 665 m\u00b2. Se aceptan ofertas y permutas \ufffc<\/p>\n","protected":false},"featured_media":6069,"comment_status":"open","ping_status":"closed","template":"","meta":{"om_disable_all_campaigns":false,"_monsterinsights_skip_tracking":false,"_monsterinsights_sitenote_active":false,"_monsterinsights_sitenote_note":"","_monsterinsights_sitenote_category":0,"spay_email":""},"product_cat":[83],"product_tag":[],"class_list":["post-6070","product","type-product","status-publish","has-post-thumbnail","hentry","product_cat-negocios"],"_links":{"self":[{"href":"https:\/\/moraventas.com\/index.php\/wp-json\/wp\/v2\/product\/6070","targetHints":{"allow":["GET"]}}],"collection":[{"href":"https:\/\/moraventas.com\/index.php\/wp-json\/wp\/v2\/product"}],"about":[{"href":"https:\/\/moraventas.com\/index.php\/wp-json\/wp\/v2\/types\/product"}],"replies":[{"embeddable":true,"href":"https:\/\/moraventas.com\/index.php\/wp-json\/wp\/v2\/comments?post=6070"}],"wp:featuredmedia":[{"embeddable":true,"href":"https:\/\/moraventas.com\/index.php\/wp-json\/wp\/v2\/media\/6069"}],"wp:attachment":[{"href":"https:\/\/moraventas.com\/index.php\/wp-json\/wp\/v2\/media?parent=6070"}],"wp:term":[{"taxonomy":"product_cat","embeddable":true,"href":"https:\/\/moraventas.com\/index.php\/wp-json\/wp\/v2\/product_cat?post=6070"},{"taxonomy":"product_tag","embeddable":true,"href":"https:\/\/moraventas.com\/index.php\/wp-json\/wp\/v2\/product_tag?post=6070"}],"curies":[{"name":"wp","href":"https:\/\/api.w.org\/{rel}","templated":true}]}}