{"id":6139,"date":"2024-09-02T18:11:29","date_gmt":"2024-09-02T23:11:29","guid":{"rendered":"https:\/\/moraventas.com\/index.php\/product\/apartamento-conjunto-cerrado-reserva-de-san-luis-cucuta\/"},"modified":"2024-09-02T18:11:31","modified_gmt":"2024-09-02T23:11:31","slug":"apartamento-conjunto-cerrado-reserva-de-san-luis-cucuta","status":"publish","type":"product","link":"https:\/\/moraventas.com\/index.php\/product\/apartamento-conjunto-cerrado-reserva-de-san-luis-cucuta\/","title":{"rendered":"APARTAMENTO CONJUNTO CERRADO RESERVA DE SAN LUIS CUCUTA"},"content":{"rendered":"<p>Apartamento situado en l\u00edmite con el Centro Comercial Bolivar.  en el quinto piso de la torre 18.<\/p>\n<p>Tiene tres habitaciones, sala comedor, dos ba\u00f1os, Labadero y cocina.<\/p>\n<p>El conjunto est\u00e1 dotado de amplias zonas sociales y piscina.<\/p>\n<p>\u00c1rea 53 m\u00b2<\/p>\n<p>Condominio $129.000.00<\/p>\n<p>Estrato tres.<\/p>\n","protected":false},"excerpt":{"rendered":"<p>Apartamento situado en l\u00edmite con el Centro Comercial Bolivar. en el quinto piso de la torre 18. Tiene tres habitaciones, sala comedor, dos ba\u00f1os, Labadero y cocina. El conjunto est\u00e1 dotado de amplias zonas sociales y piscina. \u00c1rea 53 m\u00b2 Condominio $129.000.00 Estrato tres.<\/p>\n","protected":false},"featured_media":6138,"comment_status":"open","ping_status":"closed","template":"","meta":{"om_disable_all_campaigns":false,"_monsterinsights_skip_tracking":false,"_monsterinsights_sitenote_active":false,"_monsterinsights_sitenote_note":"","_monsterinsights_sitenote_category":0,"spay_email":""},"product_cat":[81],"product_tag":[],"class_list":["post-6139","product","type-product","status-publish","has-post-thumbnail","hentry","product_cat-apartamentos"],"_links":{"self":[{"href":"https:\/\/moraventas.com\/index.php\/wp-json\/wp\/v2\/product\/6139","targetHints":{"allow":["GET"]}}],"collection":[{"href":"https:\/\/moraventas.com\/index.php\/wp-json\/wp\/v2\/product"}],"about":[{"href":"https:\/\/moraventas.com\/index.php\/wp-json\/wp\/v2\/types\/product"}],"replies":[{"embeddable":true,"href":"https:\/\/moraventas.com\/index.php\/wp-json\/wp\/v2\/comments?post=6139"}],"wp:featuredmedia":[{"embeddable":true,"href":"https:\/\/moraventas.com\/index.php\/wp-json\/wp\/v2\/media\/6138"}],"wp:attachment":[{"href":"https:\/\/moraventas.com\/index.php\/wp-json\/wp\/v2\/media?parent=6139"}],"wp:term":[{"taxonomy":"product_cat","embeddable":true,"href":"https:\/\/moraventas.com\/index.php\/wp-json\/wp\/v2\/product_cat?post=6139"},{"taxonomy":"product_tag","embeddable":true,"href":"https:\/\/moraventas.com\/index.php\/wp-json\/wp\/v2\/product_tag?post=6139"}],"curies":[{"name":"wp","href":"https:\/\/api.w.org\/{rel}","templated":true}]}}