{"id":6177,"date":"2024-10-30T09:48:10","date_gmt":"2024-10-30T14:48:10","guid":{"rendered":"https:\/\/moraventas.com\/index.php\/product\/casa-los-patios-area-metropolitana-de-cucuta\/"},"modified":"2024-10-30T09:48:11","modified_gmt":"2024-10-30T14:48:11","slug":"casa-los-patios-area-metropolitana-de-cucuta","status":"publish","type":"product","link":"https:\/\/moraventas.com\/index.php\/product\/casa-los-patios-area-metropolitana-de-cucuta\/","title":{"rendered":"CASA LOS PATIOS \u00c1REA METROPOLITANA DE CUCUTA"},"content":{"rendered":"<p>Bonita casa en Los Patios ( \u00c1rea Metropolitana de C\u00facuta) cerca a la Variante La Floresta.<\/p>\n<p>Consta de :<\/p>\n<p>PRIMER PISO<\/p>\n<p>Parqueadero<\/p>\n<p>Sala comedor<\/p>\n<p>Cocina<\/p>\n<p>Ba\u00f1o visitas<\/p>\n<p>Patio<\/p>\n<p>SEGUNDO PISO<\/p>\n<p>Habitaci\u00f3n auxiliar 1<\/p>\n<p>Habitaci\u00f3n auxiliar 2<\/p>\n<p>Ba\u00f1o<\/p>\n<p>Habitaci\u00f3n principal con ba\u00f1o privado.<\/p>\n<p>Todas las habitaciones con Closet.<\/p>\n<p>Tiene placa para , tercer piso.<\/p>\n<p>Lote: 49.52 M2<\/p>\n<p>\u00c1rea Construida: 84.72 M2<\/p>\n","protected":false},"excerpt":{"rendered":"<p>Bonita casa en Los Patios ( \u00c1rea Metropolitana de C\u00facuta) cerca a la Variante La Floresta. Consta de : PRIMER PISO Parqueadero Sala comedor Cocina Ba\u00f1o visitas Patio SEGUNDO PISO Habitaci\u00f3n auxiliar 1 Habitaci\u00f3n auxiliar 2 Ba\u00f1o Habitaci\u00f3n principal con ba\u00f1o privado. Todas las habitaciones con Closet. Tiene placa para , tercer piso. Lote: 49.52 &hellip;<\/p>\n<p class=\"read-more\"> <a class=\"\" href=\"https:\/\/moraventas.com\/index.php\/product\/casa-los-patios-area-metropolitana-de-cucuta\/\"> <span class=\"screen-reader-text\">CASA LOS PATIOS \u00c1REA METROPOLITANA DE CUCUTA<\/span> Leer m\u00e1s &raquo;<\/a><\/p>\n","protected":false},"featured_media":6176,"comment_status":"open","ping_status":"closed","template":"","meta":{"om_disable_all_campaigns":false,"_monsterinsights_skip_tracking":false,"_monsterinsights_sitenote_active":false,"_monsterinsights_sitenote_note":"","_monsterinsights_sitenote_category":0,"spay_email":""},"product_cat":[82],"product_tag":[],"class_list":["post-6177","product","type-product","status-publish","has-post-thumbnail","hentry","product_cat-casas"],"_links":{"self":[{"href":"https:\/\/moraventas.com\/index.php\/wp-json\/wp\/v2\/product\/6177","targetHints":{"allow":["GET"]}}],"collection":[{"href":"https:\/\/moraventas.com\/index.php\/wp-json\/wp\/v2\/product"}],"about":[{"href":"https:\/\/moraventas.com\/index.php\/wp-json\/wp\/v2\/types\/product"}],"replies":[{"embeddable":true,"href":"https:\/\/moraventas.com\/index.php\/wp-json\/wp\/v2\/comments?post=6177"}],"wp:featuredmedia":[{"embeddable":true,"href":"https:\/\/moraventas.com\/index.php\/wp-json\/wp\/v2\/media\/6176"}],"wp:attachment":[{"href":"https:\/\/moraventas.com\/index.php\/wp-json\/wp\/v2\/media?parent=6177"}],"wp:term":[{"taxonomy":"product_cat","embeddable":true,"href":"https:\/\/moraventas.com\/index.php\/wp-json\/wp\/v2\/product_cat?post=6177"},{"taxonomy":"product_tag","embeddable":true,"href":"https:\/\/moraventas.com\/index.php\/wp-json\/wp\/v2\/product_tag?post=6177"}],"curies":[{"name":"wp","href":"https:\/\/api.w.org\/{rel}","templated":true}]}}