{"id":6185,"date":"2024-11-06T16:49:03","date_gmt":"2024-11-06T21:49:03","guid":{"rendered":"https:\/\/moraventas.com\/index.php\/product\/casa-conjunto-cerrado-la-floresta-los-patios\/"},"modified":"2024-11-06T16:49:05","modified_gmt":"2024-11-06T21:49:05","slug":"casa-conjunto-cerrado-la-floresta-los-patios","status":"publish","type":"product","link":"https:\/\/moraventas.com\/index.php\/product\/casa-conjunto-cerrado-la-floresta-los-patios\/","title":{"rendered":"CASA CONJUNTO CERRADO LA FLORESTA LOS PATIOS"},"content":{"rendered":"<p>Casa en conjunto cerrado en La Floresta, Los Patios.<\/p>\n<p>Conjunto de 28 casas de dos pisos m\u00e1s terraza.<\/p>\n<p>Cuenta con porter\u00eda vigilada<\/p>\n<p>Zonas comunes, piscina para adultos y ni\u00f1os y parque infantil .<\/p>\n<p>\u00c1rea 5&#215;11 lotes de 55 m2<\/p>\n<p>\u00c1rea construida 76.73 en dos pisos<\/p>\n<p>Primer piso<\/p>\n<p>Parqueadero para un carro .<\/p>\n<p>Sala<\/p>\n<p>Comedor<\/p>\n<p>Ba\u00f1o social<\/p>\n<p>Cocina<\/p>\n<p>\u00c1rea de patio<\/p>\n<p>Segundo piso<\/p>\n<p>Habitaci\u00f3n principal<\/p>\n<p>Habitaci\u00f3n auxiliar<\/p>\n<p>1 ba\u00f1o social<\/p>\n<p>Placa para futuro desarrollo de la habitaci\u00f3n 3<\/p>\n<p>Tercer piso<\/p>\n<p>Terraza<\/p>\n<p>Tanque de 2 mil litros<\/p>\n<p>Fachadas totalmente terminadas seg\u00fan dise\u00f1os<\/p>\n<p>Financiaci\u00f3n<\/p>\n<p>Valor de venta $230.000.000<\/p>\n<p>30% de cuota incial<\/p>\n<p>70% cr\u00e9dito hipotecario<\/p>\n<p>Entregas para diciembre de 2024<\/p>\n","protected":false},"excerpt":{"rendered":"<p>Casa en conjunto cerrado en La Floresta, Los Patios. Conjunto de 28 casas de dos pisos m\u00e1s terraza. Cuenta con porter\u00eda vigilada Zonas comunes, piscina para adultos y ni\u00f1os y parque infantil . \u00c1rea 5&#215;11 lotes de 55 m2 \u00c1rea construida 76.73 en dos pisos Primer piso Parqueadero para un carro . Sala Comedor Ba\u00f1o &hellip;<\/p>\n<p class=\"read-more\"> <a class=\"\" href=\"https:\/\/moraventas.com\/index.php\/product\/casa-conjunto-cerrado-la-floresta-los-patios\/\"> <span class=\"screen-reader-text\">CASA CONJUNTO CERRADO LA FLORESTA LOS PATIOS<\/span> Leer m\u00e1s &raquo;<\/a><\/p>\n","protected":false},"featured_media":6184,"comment_status":"open","ping_status":"closed","template":"","meta":{"om_disable_all_campaigns":false,"_monsterinsights_skip_tracking":false,"_monsterinsights_sitenote_active":false,"_monsterinsights_sitenote_note":"","_monsterinsights_sitenote_category":0,"spay_email":""},"product_cat":[82],"product_tag":[],"class_list":["post-6185","product","type-product","status-publish","has-post-thumbnail","hentry","product_cat-casas"],"_links":{"self":[{"href":"https:\/\/moraventas.com\/index.php\/wp-json\/wp\/v2\/product\/6185","targetHints":{"allow":["GET"]}}],"collection":[{"href":"https:\/\/moraventas.com\/index.php\/wp-json\/wp\/v2\/product"}],"about":[{"href":"https:\/\/moraventas.com\/index.php\/wp-json\/wp\/v2\/types\/product"}],"replies":[{"embeddable":true,"href":"https:\/\/moraventas.com\/index.php\/wp-json\/wp\/v2\/comments?post=6185"}],"wp:featuredmedia":[{"embeddable":true,"href":"https:\/\/moraventas.com\/index.php\/wp-json\/wp\/v2\/media\/6184"}],"wp:attachment":[{"href":"https:\/\/moraventas.com\/index.php\/wp-json\/wp\/v2\/media?parent=6185"}],"wp:term":[{"taxonomy":"product_cat","embeddable":true,"href":"https:\/\/moraventas.com\/index.php\/wp-json\/wp\/v2\/product_cat?post=6185"},{"taxonomy":"product_tag","embeddable":true,"href":"https:\/\/moraventas.com\/index.php\/wp-json\/wp\/v2\/product_tag?post=6185"}],"curies":[{"name":"wp","href":"https:\/\/api.w.org\/{rel}","templated":true}]}}