{"id":6188,"date":"2024-11-28T17:23:02","date_gmt":"2024-11-28T22:23:02","guid":{"rendered":"https:\/\/moraventas.com\/index.php\/product\/lote-sobre-autopista-cucuta-villa-del-rosario\/"},"modified":"2025-04-07T15:13:01","modified_gmt":"2025-04-07T20:13:01","slug":"lote-sobre-autopista-cucuta-villa-del-rosario","status":"publish","type":"product","link":"https:\/\/moraventas.com\/index.php\/product\/lote-sobre-autopista-cucuta-villa-del-rosario\/","title":{"rendered":"LOTE SOBRE AUTOPISTA CUCUTA VILLA DEL ROSARIO"},"content":{"rendered":"<p>Lote de 2929 m\u00b2, ideal para todo uso y especialmente para Bodega industrial y Comercial.<\/p>\n<p>Est\u00e1 en zona que se est\u00e1 especializando en vitrina para venta de veh\u00edculos.<\/p>\n<p>valor por metro cuadrado:<\/p>\n<p>$350.000<\/p>\n","protected":false},"excerpt":{"rendered":"<p>Lote de 2929 m\u00b2, ideal para todo uso y especialmente para Bodega industrial y Comercial. Est\u00e1 en zona que se est\u00e1 especializando en vitrina para venta de veh\u00edculos. valor por metro cuadrado: $350.000<\/p>\n","protected":false},"featured_media":6187,"comment_status":"open","ping_status":"closed","template":"","meta":{"om_disable_all_campaigns":false,"_monsterinsights_skip_tracking":false,"_monsterinsights_sitenote_active":false,"_monsterinsights_sitenote_note":"","_monsterinsights_sitenote_category":0,"spay_email":""},"product_cat":[85],"product_tag":[],"class_list":["post-6188","product","type-product","status-publish","has-post-thumbnail","hentry","product_cat-lotes"],"_links":{"self":[{"href":"https:\/\/moraventas.com\/index.php\/wp-json\/wp\/v2\/product\/6188","targetHints":{"allow":["GET"]}}],"collection":[{"href":"https:\/\/moraventas.com\/index.php\/wp-json\/wp\/v2\/product"}],"about":[{"href":"https:\/\/moraventas.com\/index.php\/wp-json\/wp\/v2\/types\/product"}],"replies":[{"embeddable":true,"href":"https:\/\/moraventas.com\/index.php\/wp-json\/wp\/v2\/comments?post=6188"}],"wp:featuredmedia":[{"embeddable":true,"href":"https:\/\/moraventas.com\/index.php\/wp-json\/wp\/v2\/media\/6187"}],"wp:attachment":[{"href":"https:\/\/moraventas.com\/index.php\/wp-json\/wp\/v2\/media?parent=6188"}],"wp:term":[{"taxonomy":"product_cat","embeddable":true,"href":"https:\/\/moraventas.com\/index.php\/wp-json\/wp\/v2\/product_cat?post=6188"},{"taxonomy":"product_tag","embeddable":true,"href":"https:\/\/moraventas.com\/index.php\/wp-json\/wp\/v2\/product_tag?post=6188"}],"curies":[{"name":"wp","href":"https:\/\/api.w.org\/{rel}","templated":true}]}}