{"id":6219,"date":"2024-12-02T16:18:30","date_gmt":"2024-12-02T21:18:30","guid":{"rendered":"https:\/\/moraventas.com\/index.php\/product\/lotes-en-corozal-a-m-cucuta\/"},"modified":"2024-12-02T16:18:31","modified_gmt":"2024-12-02T21:18:31","slug":"lotes-en-corozal-a-m-cucuta","status":"publish","type":"product","link":"https:\/\/moraventas.com\/index.php\/product\/lotes-en-corozal-a-m-cucuta\/","title":{"rendered":"LOTES EN COROZAL  A.M.CUCUTA"},"content":{"rendered":"<p>Preciosos lotes de 1000 m\u00b2 totalmente urbanizados, v\u00edas pavimentadas, todos los servicios, a s\u00f3lo 15 minutos de C\u00facuta, en Corozal, en un paraje lleno de naturaleza y tranquilidad, para hacer su casa campestre, muy cerca de C\u00facuta y con 5\u00b0 menos de temperatura.<\/p>\n","protected":false},"excerpt":{"rendered":"<p>Preciosos lotes de 1000 m\u00b2 totalmente urbanizados, v\u00edas pavimentadas, todos los servicios, a s\u00f3lo 15 minutos de C\u00facuta, en Corozal, en un paraje lleno de naturaleza y tranquilidad, para hacer su casa campestre, muy cerca de C\u00facuta y con 5\u00b0 menos de temperatura.<\/p>\n","protected":false},"featured_media":6216,"comment_status":"open","ping_status":"closed","template":"","meta":{"om_disable_all_campaigns":false,"_monsterinsights_skip_tracking":false,"_monsterinsights_sitenote_active":false,"_monsterinsights_sitenote_note":"","_monsterinsights_sitenote_category":0,"spay_email":""},"product_cat":[85],"product_tag":[],"class_list":["post-6219","product","type-product","status-publish","has-post-thumbnail","hentry","product_cat-lotes"],"_links":{"self":[{"href":"https:\/\/moraventas.com\/index.php\/wp-json\/wp\/v2\/product\/6219","targetHints":{"allow":["GET"]}}],"collection":[{"href":"https:\/\/moraventas.com\/index.php\/wp-json\/wp\/v2\/product"}],"about":[{"href":"https:\/\/moraventas.com\/index.php\/wp-json\/wp\/v2\/types\/product"}],"replies":[{"embeddable":true,"href":"https:\/\/moraventas.com\/index.php\/wp-json\/wp\/v2\/comments?post=6219"}],"wp:featuredmedia":[{"embeddable":true,"href":"https:\/\/moraventas.com\/index.php\/wp-json\/wp\/v2\/media\/6216"}],"wp:attachment":[{"href":"https:\/\/moraventas.com\/index.php\/wp-json\/wp\/v2\/media?parent=6219"}],"wp:term":[{"taxonomy":"product_cat","embeddable":true,"href":"https:\/\/moraventas.com\/index.php\/wp-json\/wp\/v2\/product_cat?post=6219"},{"taxonomy":"product_tag","embeddable":true,"href":"https:\/\/moraventas.com\/index.php\/wp-json\/wp\/v2\/product_tag?post=6219"}],"curies":[{"name":"wp","href":"https:\/\/api.w.org\/{rel}","templated":true}]}}