{"id":6296,"date":"2025-01-30T11:15:06","date_gmt":"2025-01-30T16:15:06","guid":{"rendered":"https:\/\/moraventas.com\/?post_type=product&#038;p=6296"},"modified":"2025-01-30T11:16:06","modified_gmt":"2025-01-30T16:16:06","slug":"ferreteria-barrio-motilones-cucuta","status":"publish","type":"product","link":"https:\/\/moraventas.com\/index.php\/product\/ferreteria-barrio-motilones-cucuta\/","title":{"rendered":"FERRETERIA BARRIO MOTILONES CUCUTA"},"content":{"rendered":"<p>Acreditada ferreteria en populoso lugar del Barrio Motilones de Cucuta.<\/p>\n<p>Se vende inicialmente el solo inventario por 200 millones de pesos negociables, incluido el cami\u00f3n de reparto y m\u00e1s adelante se puede negociar el local que por el momento tiene un canon de arrendamiento de 1.800,000 pesos mes.<\/p>\n<p>Tiene ingresos m\u00ednimos de 2 millones de pesos diarios y topes hasta de 5 millones .<\/p>\n<p>Estos ingresos corresponden a la venta de tuber\u00eda, hierro pinturas , torniller\u00eda, toda clase de herramientas y muchos productos m\u00e1s, propios de ferreter\u00edas.<\/p>\n<p>Tambi\u00e9n tiene ingresos adicionales por arriendo de andamios y mezcladora de concreto.<\/p>\n<p>El Local tiene 17 m de frente por 15 m de fondo.<\/p>\n","protected":false},"excerpt":{"rendered":"<p>Acreditada ferreteria en populoso lugar del Barrio Motilones de Cucuta. Se vende inicialmente el solo inventario por 200 millones de pesos negociables, incluido el cami\u00f3n de reparto y m\u00e1s adelante se puede negociar el local que por el momento tiene un canon de arrendamiento de 1.800,000 pesos mes. Tiene ingresos m\u00ednimos de 2 millones de &hellip;<\/p>\n<p class=\"read-more\"> <a class=\"\" href=\"https:\/\/moraventas.com\/index.php\/product\/ferreteria-barrio-motilones-cucuta\/\"> <span class=\"screen-reader-text\">FERRETERIA BARRIO MOTILONES CUCUTA<\/span> Leer m\u00e1s &raquo;<\/a><\/p>\n","protected":false},"featured_media":6294,"comment_status":"open","ping_status":"closed","template":"","meta":{"om_disable_all_campaigns":false,"_monsterinsights_skip_tracking":false,"_monsterinsights_sitenote_active":false,"_monsterinsights_sitenote_note":"","_monsterinsights_sitenote_category":0,"spay_email":""},"product_cat":[83],"product_tag":[],"class_list":["post-6296","product","type-product","status-publish","has-post-thumbnail","hentry","product_cat-negocios"],"_links":{"self":[{"href":"https:\/\/moraventas.com\/index.php\/wp-json\/wp\/v2\/product\/6296","targetHints":{"allow":["GET"]}}],"collection":[{"href":"https:\/\/moraventas.com\/index.php\/wp-json\/wp\/v2\/product"}],"about":[{"href":"https:\/\/moraventas.com\/index.php\/wp-json\/wp\/v2\/types\/product"}],"replies":[{"embeddable":true,"href":"https:\/\/moraventas.com\/index.php\/wp-json\/wp\/v2\/comments?post=6296"}],"wp:featuredmedia":[{"embeddable":true,"href":"https:\/\/moraventas.com\/index.php\/wp-json\/wp\/v2\/media\/6294"}],"wp:attachment":[{"href":"https:\/\/moraventas.com\/index.php\/wp-json\/wp\/v2\/media?parent=6296"}],"wp:term":[{"taxonomy":"product_cat","embeddable":true,"href":"https:\/\/moraventas.com\/index.php\/wp-json\/wp\/v2\/product_cat?post=6296"},{"taxonomy":"product_tag","embeddable":true,"href":"https:\/\/moraventas.com\/index.php\/wp-json\/wp\/v2\/product_tag?post=6296"}],"curies":[{"name":"wp","href":"https:\/\/api.w.org\/{rel}","templated":true}]}}