{"id":6314,"date":"2025-02-24T10:27:33","date_gmt":"2025-02-24T15:27:33","guid":{"rendered":"https:\/\/moraventas.com\/index.php\/product\/casa-urbanizacion-san-martin-cucuta\/"},"modified":"2025-02-24T10:27:36","modified_gmt":"2025-02-24T15:27:36","slug":"casa-urbanizacion-san-martin-cucuta","status":"publish","type":"product","link":"https:\/\/moraventas.com\/index.php\/product\/casa-urbanizacion-san-martin-cucuta\/","title":{"rendered":"CASA URBANIZACI\u00d3N SAN MARTIN C\u00daCUTA"},"content":{"rendered":"<p>Es una casa esquinera en Torcoroma dos, Urbanizaci\u00f3n San Mart\u00edn.<\/p>\n<p>Tiene dos pisos; el primer piso est\u00e1 compuesto por un amplio local de 105 m\u00b2<\/p>\n<p>El segundo piso tiene tres habitaciones, una con ba\u00f1o privado y un ba\u00f1o para las otras dos, sala, comedor, cocina, lavadero y patio.<\/p>\n","protected":false},"excerpt":{"rendered":"<p>Es una casa esquinera en Torcoroma dos, Urbanizaci\u00f3n San Mart\u00edn. Tiene dos pisos; el primer piso est\u00e1 compuesto por un amplio local de 105 m\u00b2 El segundo piso tiene tres habitaciones, una con ba\u00f1o privado y un ba\u00f1o para las otras dos, sala, comedor, cocina, lavadero y patio.<\/p>\n","protected":false},"featured_media":6313,"comment_status":"open","ping_status":"closed","template":"","meta":{"om_disable_all_campaigns":false,"_monsterinsights_skip_tracking":false,"_monsterinsights_sitenote_active":false,"_monsterinsights_sitenote_note":"","_monsterinsights_sitenote_category":0,"spay_email":""},"product_cat":[82],"product_tag":[],"class_list":["post-6314","product","type-product","status-publish","has-post-thumbnail","hentry","product_cat-casas"],"_links":{"self":[{"href":"https:\/\/moraventas.com\/index.php\/wp-json\/wp\/v2\/product\/6314","targetHints":{"allow":["GET"]}}],"collection":[{"href":"https:\/\/moraventas.com\/index.php\/wp-json\/wp\/v2\/product"}],"about":[{"href":"https:\/\/moraventas.com\/index.php\/wp-json\/wp\/v2\/types\/product"}],"replies":[{"embeddable":true,"href":"https:\/\/moraventas.com\/index.php\/wp-json\/wp\/v2\/comments?post=6314"}],"wp:featuredmedia":[{"embeddable":true,"href":"https:\/\/moraventas.com\/index.php\/wp-json\/wp\/v2\/media\/6313"}],"wp:attachment":[{"href":"https:\/\/moraventas.com\/index.php\/wp-json\/wp\/v2\/media?parent=6314"}],"wp:term":[{"taxonomy":"product_cat","embeddable":true,"href":"https:\/\/moraventas.com\/index.php\/wp-json\/wp\/v2\/product_cat?post=6314"},{"taxonomy":"product_tag","embeddable":true,"href":"https:\/\/moraventas.com\/index.php\/wp-json\/wp\/v2\/product_tag?post=6314"}],"curies":[{"name":"wp","href":"https:\/\/api.w.org\/{rel}","templated":true}]}}