{"id":6369,"date":"2025-03-26T15:21:32","date_gmt":"2025-03-26T20:21:32","guid":{"rendered":"https:\/\/moraventas.com\/index.php\/product\/cabana-san-antero-cobenas\/"},"modified":"2025-03-29T13:11:53","modified_gmt":"2025-03-29T18:11:53","slug":"cabana-san-antero-cobenas","status":"publish","type":"product","link":"https:\/\/moraventas.com\/index.php\/product\/cabana-san-antero-cobenas\/","title":{"rendered":"CABA\u00d1A SAN ANTERO COVE\u00d1AS"},"content":{"rendered":"<p>Caba\u00f1a de playa. Ubicada en Cove\u00f1as San Antero , sector El Porvenir a 300 mts de la playa.<\/p>\n<p>Lote de 500 m2.<\/p>\n<p>Construido 112 m2<\/p>\n<p>Dos niveles.<\/p>\n<p>3 habitaciones<\/p>\n<p>2 ba\u00f1os.<\/p>\n<p>Sala,comedor, cocina.<\/p>\n<p>Piscina. 9&#215;4 y 1.50 de profundidad.<\/p>\n<p>Zona verde<\/p>\n<p>\u00c1rboles frutales<\/p>\n<p>Kiosco. BBQ.<\/p>\n<p>Agua propia.<\/p>\n<p>Cuota fija de servicio de luz. (90 mil).<\/p>\n<p>Se entrega amoblada.<\/p>\n<p>Precio 400 milllones.<\/p>\n<p>Se recibe canioneta toyota por parte de pago.<\/p>\n","protected":false},"excerpt":{"rendered":"<p>Caba\u00f1a de playa. Ubicada en Cove\u00f1as San Antero , sector El Porvenir a 300 mts de la playa. Lote de 500 m2. Construido 112 m2 Dos niveles. 3 habitaciones 2 ba\u00f1os. Sala,comedor, cocina. Piscina. 9&#215;4 y 1.50 de profundidad. Zona verde \u00c1rboles frutales Kiosco. BBQ. Agua propia. Cuota fija de servicio de luz. (90 mil). &hellip;<\/p>\n<p class=\"read-more\"> <a class=\"\" href=\"https:\/\/moraventas.com\/index.php\/product\/cabana-san-antero-cobenas\/\"> <span class=\"screen-reader-text\">CABA\u00d1A SAN ANTERO COVE\u00d1AS<\/span> Leer m\u00e1s &raquo;<\/a><\/p>\n","protected":false},"featured_media":6368,"comment_status":"open","ping_status":"closed","template":"","meta":{"om_disable_all_campaigns":false,"_monsterinsights_skip_tracking":false,"_monsterinsights_sitenote_active":false,"_monsterinsights_sitenote_note":"","_monsterinsights_sitenote_category":0,"spay_email":""},"product_cat":[82],"product_tag":[],"class_list":["post-6369","product","type-product","status-publish","has-post-thumbnail","hentry","product_cat-casas"],"_links":{"self":[{"href":"https:\/\/moraventas.com\/index.php\/wp-json\/wp\/v2\/product\/6369","targetHints":{"allow":["GET"]}}],"collection":[{"href":"https:\/\/moraventas.com\/index.php\/wp-json\/wp\/v2\/product"}],"about":[{"href":"https:\/\/moraventas.com\/index.php\/wp-json\/wp\/v2\/types\/product"}],"replies":[{"embeddable":true,"href":"https:\/\/moraventas.com\/index.php\/wp-json\/wp\/v2\/comments?post=6369"}],"wp:featuredmedia":[{"embeddable":true,"href":"https:\/\/moraventas.com\/index.php\/wp-json\/wp\/v2\/media\/6368"}],"wp:attachment":[{"href":"https:\/\/moraventas.com\/index.php\/wp-json\/wp\/v2\/media?parent=6369"}],"wp:term":[{"taxonomy":"product_cat","embeddable":true,"href":"https:\/\/moraventas.com\/index.php\/wp-json\/wp\/v2\/product_cat?post=6369"},{"taxonomy":"product_tag","embeddable":true,"href":"https:\/\/moraventas.com\/index.php\/wp-json\/wp\/v2\/product_tag?post=6369"}],"curies":[{"name":"wp","href":"https:\/\/api.w.org\/{rel}","templated":true}]}}