{"id":6386,"date":"2025-04-23T14:11:03","date_gmt":"2025-04-23T19:11:03","guid":{"rendered":"https:\/\/moraventas.com\/index.php\/product\/apartamento-edificio-primavera-cucuta\/"},"modified":"2025-04-23T14:11:04","modified_gmt":"2025-04-23T19:11:04","slug":"apartamento-edificio-primavera-cucuta","status":"publish","type":"product","link":"https:\/\/moraventas.com\/index.php\/product\/apartamento-edificio-primavera-cucuta\/","title":{"rendered":"APARTAMENTO EDIFICIO PRIMAVERA C\u00daCUTA"},"content":{"rendered":"<p>Apartamento situado en el sexto piso del Edificio Primavera, sobre la avenida Libertadores dos cuadras en diagonal al Centro Comercial Unicentro.<\/p>\n<p>Tiene tres habitaciones todas con ba\u00f1o privado, sala comedor, cocina, lavadero y c\u00f3modo parqueadero.<\/p>\n<p>\u00c1rea construida 65 m\u00b2<\/p>\n<p>Condominio 280,000 pesos<\/p>\n","protected":false},"excerpt":{"rendered":"<p>Apartamento situado en el sexto piso del Edificio Primavera, sobre la avenida Libertadores dos cuadras en diagonal al Centro Comercial Unicentro. Tiene tres habitaciones todas con ba\u00f1o privado, sala comedor, cocina, lavadero y c\u00f3modo parqueadero. \u00c1rea construida 65 m\u00b2 Condominio 280,000 pesos<\/p>\n","protected":false},"featured_media":6384,"comment_status":"open","ping_status":"closed","template":"","meta":{"om_disable_all_campaigns":false,"_monsterinsights_skip_tracking":false,"_monsterinsights_sitenote_active":false,"_monsterinsights_sitenote_note":"","_monsterinsights_sitenote_category":0,"spay_email":""},"product_cat":[81],"product_tag":[],"class_list":["post-6386","product","type-product","status-publish","has-post-thumbnail","hentry","product_cat-apartamentos"],"_links":{"self":[{"href":"https:\/\/moraventas.com\/index.php\/wp-json\/wp\/v2\/product\/6386","targetHints":{"allow":["GET"]}}],"collection":[{"href":"https:\/\/moraventas.com\/index.php\/wp-json\/wp\/v2\/product"}],"about":[{"href":"https:\/\/moraventas.com\/index.php\/wp-json\/wp\/v2\/types\/product"}],"replies":[{"embeddable":true,"href":"https:\/\/moraventas.com\/index.php\/wp-json\/wp\/v2\/comments?post=6386"}],"wp:featuredmedia":[{"embeddable":true,"href":"https:\/\/moraventas.com\/index.php\/wp-json\/wp\/v2\/media\/6384"}],"wp:attachment":[{"href":"https:\/\/moraventas.com\/index.php\/wp-json\/wp\/v2\/media?parent=6386"}],"wp:term":[{"taxonomy":"product_cat","embeddable":true,"href":"https:\/\/moraventas.com\/index.php\/wp-json\/wp\/v2\/product_cat?post=6386"},{"taxonomy":"product_tag","embeddable":true,"href":"https:\/\/moraventas.com\/index.php\/wp-json\/wp\/v2\/product_tag?post=6386"}],"curies":[{"name":"wp","href":"https:\/\/api.w.org\/{rel}","templated":true}]}}