{"id":6442,"date":"2025-06-03T08:57:16","date_gmt":"2025-06-03T13:57:16","guid":{"rendered":"https:\/\/moraventas.com\/index.php\/product\/apartamento-conjunto-primavera-cucuta\/"},"modified":"2025-08-07T11:06:35","modified_gmt":"2025-08-07T16:06:35","slug":"apartamento-conjunto-primavera-cucuta","status":"publish","type":"product","link":"https:\/\/moraventas.com\/index.php\/product\/apartamento-conjunto-primavera-cucuta\/","title":{"rendered":"APARTAMENTO CONJUNTO PRIMAVERA C\u00daCUTA"},"content":{"rendered":"<p>Apartamento en el octavo piso, en muy buen estado, tiene tres habitaciones todas con ba\u00f1o, sala, comedor, cocina, zona de ropas y c\u00f3modo parqueadero<\/p>\n<p>El conjunto est\u00e1 dotado de zona social y piscina.<\/p>\n<p>Est\u00e1 sobre la avenida Libertadores en direcci\u00f3n de Sur Norte, a 500 m en diagonal al Centro Comercial Unicentro<\/p>\n","protected":false},"excerpt":{"rendered":"<p>Apartamento en el octavo piso, en muy buen estado, tiene tres habitaciones todas con ba\u00f1o, sala, comedor, cocina, zona de ropas y c\u00f3modo parqueadero El conjunto est\u00e1 dotado de zona social y piscina. Est\u00e1 sobre la avenida Libertadores en direcci\u00f3n de Sur Norte, a 500 m en diagonal al Centro Comercial Unicentro<\/p>\n","protected":false},"featured_media":6441,"comment_status":"open","ping_status":"closed","template":"","meta":{"om_disable_all_campaigns":false,"_monsterinsights_skip_tracking":false,"_monsterinsights_sitenote_active":false,"_monsterinsights_sitenote_note":"","_monsterinsights_sitenote_category":0,"spay_email":""},"product_cat":[81],"product_tag":[],"class_list":["post-6442","product","type-product","status-publish","has-post-thumbnail","hentry","product_cat-apartamentos"],"_links":{"self":[{"href":"https:\/\/moraventas.com\/index.php\/wp-json\/wp\/v2\/product\/6442","targetHints":{"allow":["GET"]}}],"collection":[{"href":"https:\/\/moraventas.com\/index.php\/wp-json\/wp\/v2\/product"}],"about":[{"href":"https:\/\/moraventas.com\/index.php\/wp-json\/wp\/v2\/types\/product"}],"replies":[{"embeddable":true,"href":"https:\/\/moraventas.com\/index.php\/wp-json\/wp\/v2\/comments?post=6442"}],"wp:featuredmedia":[{"embeddable":true,"href":"https:\/\/moraventas.com\/index.php\/wp-json\/wp\/v2\/media\/6441"}],"wp:attachment":[{"href":"https:\/\/moraventas.com\/index.php\/wp-json\/wp\/v2\/media?parent=6442"}],"wp:term":[{"taxonomy":"product_cat","embeddable":true,"href":"https:\/\/moraventas.com\/index.php\/wp-json\/wp\/v2\/product_cat?post=6442"},{"taxonomy":"product_tag","embeddable":true,"href":"https:\/\/moraventas.com\/index.php\/wp-json\/wp\/v2\/product_tag?post=6442"}],"curies":[{"name":"wp","href":"https:\/\/api.w.org\/{rel}","templated":true}]}}