{"id":6460,"date":"2025-06-09T15:44:28","date_gmt":"2025-06-09T20:44:28","guid":{"rendered":"https:\/\/moraventas.com\/index.php\/product\/casa-urbanizacion-capillana-cucuta\/"},"modified":"2026-03-03T13:35:23","modified_gmt":"2026-03-03T18:35:23","slug":"casa-urbanizacion-capillana-cucuta","status":"publish","type":"product","link":"https:\/\/moraventas.com\/index.php\/product\/casa-urbanizacion-capillana-cucuta\/","title":{"rendered":"CASA URBANIZACI\u00d3N CAPILLANA C\u00daCUTA"},"content":{"rendered":"<p>Bonita y c\u00f3moda casa en la Urbanizaci\u00f3n Capillana en C\u00facuta.<\/p>\n<p>En el primer piso est\u00e1 la entrada , un porche y a un lado, parqueadero para un veh\u00edculo, sala, comedor, sala para televisi\u00f3n, cocina, una habitaci\u00f3n junto a la cocina con su respectivo ba\u00f1o. Patio y zona de ropas.<\/p>\n<p>En el segundo piso hay cuatro habitaciones, la habitaci\u00f3n principal con ba\u00f1o, privado y balc\u00f3n, dos habitaciones con estudio aleda\u00f1o, una habitaci\u00f3n m\u00e1s y un ba\u00f1o, Auxiliar.<\/p>\n<p>Tiene 110 m\u00b2 de lote y 173 m\u00b2 de construcci\u00f3n.<\/p>\n<p>Codigo 60620251<\/p>\n","protected":false},"excerpt":{"rendered":"<p>Bonita y c\u00f3moda casa en la Urbanizaci\u00f3n Capillana en C\u00facuta. En el primer piso est\u00e1 la entrada , un porche y a un lado, parqueadero para un veh\u00edculo, sala, comedor, sala para televisi\u00f3n, cocina, una habitaci\u00f3n junto a la cocina con su respectivo ba\u00f1o. Patio y zona de ropas. En el segundo piso hay cuatro &hellip;<\/p>\n<p class=\"read-more\"> <a class=\"\" href=\"https:\/\/moraventas.com\/index.php\/product\/casa-urbanizacion-capillana-cucuta\/\"> <span class=\"screen-reader-text\">CASA URBANIZACI\u00d3N CAPILLANA C\u00daCUTA<\/span> Leer m\u00e1s &raquo;<\/a><\/p>\n","protected":false},"featured_media":6457,"comment_status":"open","ping_status":"closed","template":"","meta":{"om_disable_all_campaigns":false,"_monsterinsights_skip_tracking":false,"_monsterinsights_sitenote_active":false,"_monsterinsights_sitenote_note":"","_monsterinsights_sitenote_category":0,"spay_email":""},"product_cat":[82],"product_tag":[],"class_list":["post-6460","product","type-product","status-publish","has-post-thumbnail","hentry","product_cat-casas"],"_links":{"self":[{"href":"https:\/\/moraventas.com\/index.php\/wp-json\/wp\/v2\/product\/6460","targetHints":{"allow":["GET"]}}],"collection":[{"href":"https:\/\/moraventas.com\/index.php\/wp-json\/wp\/v2\/product"}],"about":[{"href":"https:\/\/moraventas.com\/index.php\/wp-json\/wp\/v2\/types\/product"}],"replies":[{"embeddable":true,"href":"https:\/\/moraventas.com\/index.php\/wp-json\/wp\/v2\/comments?post=6460"}],"wp:featuredmedia":[{"embeddable":true,"href":"https:\/\/moraventas.com\/index.php\/wp-json\/wp\/v2\/media\/6457"}],"wp:attachment":[{"href":"https:\/\/moraventas.com\/index.php\/wp-json\/wp\/v2\/media?parent=6460"}],"wp:term":[{"taxonomy":"product_cat","embeddable":true,"href":"https:\/\/moraventas.com\/index.php\/wp-json\/wp\/v2\/product_cat?post=6460"},{"taxonomy":"product_tag","embeddable":true,"href":"https:\/\/moraventas.com\/index.php\/wp-json\/wp\/v2\/product_tag?post=6460"}],"curies":[{"name":"wp","href":"https:\/\/api.w.org\/{rel}","templated":true}]}}