{"id":6549,"date":"2025-10-04T09:51:52","date_gmt":"2025-10-04T14:51:52","guid":{"rendered":"https:\/\/moraventas.com\/?post_type=product&#038;p=6549"},"modified":"2026-02-16T08:15:02","modified_gmt":"2026-02-16T13:15:02","slug":"apartamento-la-floresta-los-patios-2","status":"publish","type":"product","link":"https:\/\/moraventas.com\/index.php\/product\/apartamento-la-floresta-los-patios-2\/","title":{"rendered":"APARTAMENTO LA FLORESTA LOS PATIOS"},"content":{"rendered":"<p>Confortable apartamento en la zona m\u00e1s residencial del Area Metropolitana de C\u00facuta.<\/p>\n<p>Est\u00e1 en el primer piso del edificio Blue Tower en la Floresta, municipio de Los Patios Norte de Santander.<\/p>\n<p>Se entrega amoblado, con aire acondicionado, tiene tres habitaciones, todas con ba\u00f1o, dos ba\u00f1os m\u00e1s, y dem\u00e1s comodidades.<\/p>\n<p>El edificio tiene una recepci\u00f3n, muy elegante, gimnasio, piscina y zona social. Tiene dos parqueaderos cubiertos muy c\u00f3modos.<\/p>\n<p>El arriendo se hace directamente con su propietario.<\/p>\n<p>El canon de arrendamiento incluye el condominio que es de $795.724.00<\/p>\n<p>160220261<\/p>\n","protected":false},"excerpt":{"rendered":"<p>Confortable apartamento en la zona m\u00e1s residencial del Area Metropolitana de C\u00facuta. Est\u00e1 en el primer piso del edificio Blue Tower en la Floresta, municipio de Los Patios Norte de Santander. Se entrega amoblado, con aire acondicionado, tiene tres habitaciones, todas con ba\u00f1o, dos ba\u00f1os m\u00e1s, y dem\u00e1s comodidades. El edificio tiene una recepci\u00f3n, muy &hellip;<\/p>\n<p class=\"read-more\"> <a class=\"\" href=\"https:\/\/moraventas.com\/index.php\/product\/apartamento-la-floresta-los-patios-2\/\"> <span class=\"screen-reader-text\">APARTAMENTO LA FLORESTA LOS PATIOS<\/span> Leer m\u00e1s &raquo;<\/a><\/p>\n","protected":false},"featured_media":6548,"comment_status":"open","ping_status":"closed","template":"","meta":{"om_disable_all_campaigns":false,"_monsterinsights_skip_tracking":false,"_monsterinsights_sitenote_active":false,"_monsterinsights_sitenote_note":"","_monsterinsights_sitenote_category":0,"spay_email":""},"product_cat":[87],"product_tag":[],"class_list":["post-6549","product","type-product","status-publish","has-post-thumbnail","hentry","product_cat-apartamentos-arriendos"],"_links":{"self":[{"href":"https:\/\/moraventas.com\/index.php\/wp-json\/wp\/v2\/product\/6549","targetHints":{"allow":["GET"]}}],"collection":[{"href":"https:\/\/moraventas.com\/index.php\/wp-json\/wp\/v2\/product"}],"about":[{"href":"https:\/\/moraventas.com\/index.php\/wp-json\/wp\/v2\/types\/product"}],"replies":[{"embeddable":true,"href":"https:\/\/moraventas.com\/index.php\/wp-json\/wp\/v2\/comments?post=6549"}],"wp:featuredmedia":[{"embeddable":true,"href":"https:\/\/moraventas.com\/index.php\/wp-json\/wp\/v2\/media\/6548"}],"wp:attachment":[{"href":"https:\/\/moraventas.com\/index.php\/wp-json\/wp\/v2\/media?parent=6549"}],"wp:term":[{"taxonomy":"product_cat","embeddable":true,"href":"https:\/\/moraventas.com\/index.php\/wp-json\/wp\/v2\/product_cat?post=6549"},{"taxonomy":"product_tag","embeddable":true,"href":"https:\/\/moraventas.com\/index.php\/wp-json\/wp\/v2\/product_tag?post=6549"}],"curies":[{"name":"wp","href":"https:\/\/api.w.org\/{rel}","templated":true}]}}