{"id":6570,"date":"2026-01-16T11:51:49","date_gmt":"2026-01-16T16:51:49","guid":{"rendered":"https:\/\/moraventas.com\/index.php\/product\/local-centro-de-caracas\/"},"modified":"2026-01-16T11:51:58","modified_gmt":"2026-01-16T16:51:58","slug":"local-centro-de-caracas","status":"publish","type":"product","link":"https:\/\/moraventas.com\/index.php\/product\/local-centro-de-caracas\/","title":{"rendered":"LOCAL CENTRO DE CARACAS"},"content":{"rendered":"<p>Local de 652, 50 m\u00b2 .est\u00e1 situado en un sector especializado en talleres y servicios para veh\u00edculos y todo lo relacionado con el sector automotriz.<\/p>\n<p>Est\u00e1 dividido en tres locales en uno de los cuales funcion\u00f3 un restaurante, y en el otro venta de lubricantes y accesorios para veh\u00edculo.<\/p>\n<p>Lo dem\u00e1s es un galp\u00f3n donde funcion\u00f3 un taller de mec\u00e1nica<\/p>\n<p>. Pero su uso no se puede limitar solamente al sector automotriz, ya que su situaci\u00f3n es muy estrat\u00e9gica entre la avenida Andr\u00e9s Bello y la Avenida Libertador. Las dos avenidas confluyen en el centro de Caracas con f\u00e1cil acceso a las diferentes dependencias del Estado.<\/p>\n<p>EN RESUMEN, TIENE UNA UBICACI\u00d3N EXCELENTE<\/p>\n<p>Pertenece a la parroquia El Recreo sector Santa Rosa cerca del teatro Teresa Carre\u00f1o y del parque los Coobos Plaza Venezuela<\/p>\n<p>14.50 m de frente por 45,52 m de fondo para un total de 652,50 m\u00b2<\/p>\n<p>Precio en d\u00f3lares, $300.000.00<\/p>\n","protected":false},"excerpt":{"rendered":"<p>Local de 652, 50 m\u00b2 .est\u00e1 situado en un sector especializado en talleres y servicios para veh\u00edculos y todo lo relacionado con el sector automotriz. Est\u00e1 dividido en tres locales en uno de los cuales funcion\u00f3 un restaurante, y en el otro venta de lubricantes y accesorios para veh\u00edculo. Lo dem\u00e1s es un galp\u00f3n donde &hellip;<\/p>\n<p class=\"read-more\"> <a class=\"\" href=\"https:\/\/moraventas.com\/index.php\/product\/local-centro-de-caracas\/\"> <span class=\"screen-reader-text\">LOCAL CENTRO DE CARACAS<\/span> Leer m\u00e1s &raquo;<\/a><\/p>\n","protected":false},"featured_media":6569,"comment_status":"open","ping_status":"closed","template":"","meta":{"om_disable_all_campaigns":false,"_monsterinsights_skip_tracking":false,"_monsterinsights_sitenote_active":false,"_monsterinsights_sitenote_note":"","_monsterinsights_sitenote_category":0,"spay_email":""},"product_cat":[83],"product_tag":[],"class_list":["post-6570","product","type-product","status-publish","has-post-thumbnail","hentry","product_cat-negocios"],"_links":{"self":[{"href":"https:\/\/moraventas.com\/index.php\/wp-json\/wp\/v2\/product\/6570","targetHints":{"allow":["GET"]}}],"collection":[{"href":"https:\/\/moraventas.com\/index.php\/wp-json\/wp\/v2\/product"}],"about":[{"href":"https:\/\/moraventas.com\/index.php\/wp-json\/wp\/v2\/types\/product"}],"replies":[{"embeddable":true,"href":"https:\/\/moraventas.com\/index.php\/wp-json\/wp\/v2\/comments?post=6570"}],"wp:featuredmedia":[{"embeddable":true,"href":"https:\/\/moraventas.com\/index.php\/wp-json\/wp\/v2\/media\/6569"}],"wp:attachment":[{"href":"https:\/\/moraventas.com\/index.php\/wp-json\/wp\/v2\/media?parent=6570"}],"wp:term":[{"taxonomy":"product_cat","embeddable":true,"href":"https:\/\/moraventas.com\/index.php\/wp-json\/wp\/v2\/product_cat?post=6570"},{"taxonomy":"product_tag","embeddable":true,"href":"https:\/\/moraventas.com\/index.php\/wp-json\/wp\/v2\/product_tag?post=6570"}],"curies":[{"name":"wp","href":"https:\/\/api.w.org\/{rel}","templated":true}]}}