{"id":6581,"date":"2026-01-16T16:35:07","date_gmt":"2026-01-16T21:35:07","guid":{"rendered":"https:\/\/moraventas.com\/index.php\/product\/casa-conjunto-cerrado-santillana-cucuta\/"},"modified":"2026-01-16T16:35:17","modified_gmt":"2026-01-16T21:35:17","slug":"casa-conjunto-cerrado-santillana-cucuta","status":"publish","type":"product","link":"https:\/\/moraventas.com\/index.php\/product\/casa-conjunto-cerrado-santillana-cucuta\/","title":{"rendered":"CASA CONJUNTO CERRADO SANTILLANA C\u00daCUTA"},"content":{"rendered":"<p>Acogedora casa en Conjunto Cerrado Santillana. Es de dos pisos, en el primero est\u00e1 el garaje, la sala, comedor, cocina, patio de ropas y ba\u00f1o social.<\/p>\n<p>En el segundo piso, hay 3 habitaciones, una de ellas con ba\u00f1o privado y un ba\u00f1o auxiliar para las otras dos.<\/p>\n<p>Tiene piscina, zona social y amplias zonas verdes.<\/p>\n","protected":false},"excerpt":{"rendered":"<p>Acogedora casa en Conjunto Cerrado Santillana. Es de dos pisos, en el primero est\u00e1 el garaje, la sala, comedor, cocina, patio de ropas y ba\u00f1o social. En el segundo piso, hay 3 habitaciones, una de ellas con ba\u00f1o privado y un ba\u00f1o auxiliar para las otras dos. Tiene piscina, zona social y amplias zonas verdes.<\/p>\n","protected":false},"featured_media":6580,"comment_status":"open","ping_status":"closed","template":"","meta":{"om_disable_all_campaigns":false,"_monsterinsights_skip_tracking":false,"_monsterinsights_sitenote_active":false,"_monsterinsights_sitenote_note":"","_monsterinsights_sitenote_category":0,"spay_email":""},"product_cat":[82],"product_tag":[],"class_list":["post-6581","product","type-product","status-publish","has-post-thumbnail","hentry","product_cat-casas"],"_links":{"self":[{"href":"https:\/\/moraventas.com\/index.php\/wp-json\/wp\/v2\/product\/6581","targetHints":{"allow":["GET"]}}],"collection":[{"href":"https:\/\/moraventas.com\/index.php\/wp-json\/wp\/v2\/product"}],"about":[{"href":"https:\/\/moraventas.com\/index.php\/wp-json\/wp\/v2\/types\/product"}],"replies":[{"embeddable":true,"href":"https:\/\/moraventas.com\/index.php\/wp-json\/wp\/v2\/comments?post=6581"}],"wp:featuredmedia":[{"embeddable":true,"href":"https:\/\/moraventas.com\/index.php\/wp-json\/wp\/v2\/media\/6580"}],"wp:attachment":[{"href":"https:\/\/moraventas.com\/index.php\/wp-json\/wp\/v2\/media?parent=6581"}],"wp:term":[{"taxonomy":"product_cat","embeddable":true,"href":"https:\/\/moraventas.com\/index.php\/wp-json\/wp\/v2\/product_cat?post=6581"},{"taxonomy":"product_tag","embeddable":true,"href":"https:\/\/moraventas.com\/index.php\/wp-json\/wp\/v2\/product_tag?post=6581"}],"curies":[{"name":"wp","href":"https:\/\/api.w.org\/{rel}","templated":true}]}}