{"id":6590,"date":"2026-01-22T17:30:21","date_gmt":"2026-01-22T22:30:21","guid":{"rendered":"https:\/\/moraventas.com\/index.php\/product\/oficina-centro-comercial-latino-cucuta\/"},"modified":"2026-01-22T17:30:25","modified_gmt":"2026-01-22T22:30:25","slug":"oficina-centro-comercial-latino-cucuta","status":"publish","type":"product","link":"https:\/\/moraventas.com\/index.php\/product\/oficina-centro-comercial-latino-cucuta\/","title":{"rendered":"OFICINA CENTRO COMERCIAL LATINO CUCUTA"},"content":{"rendered":"<p>Oficina o Local Comercial , seg\u00fan el uso que se le quiera dar, en el segundo piso del Centro Comercial Latino situado en la calle novena con avenida tercera, frente al Parque Babaria.<\/p>\n<p>Tiene 5 m de frente por tres de fondo. Est\u00e1 dividido en dos partes, la primera como Recepci\u00f3n, y la segunda m\u00e1s privada, con su respectivo ba\u00f1o.<\/p>\n","protected":false},"excerpt":{"rendered":"<p>Oficina o Local Comercial , seg\u00fan el uso que se le quiera dar, en el segundo piso del Centro Comercial Latino situado en la calle novena con avenida tercera, frente al Parque Babaria. Tiene 5 m de frente por tres de fondo. Est\u00e1 dividido en dos partes, la primera como Recepci\u00f3n, y la segunda m\u00e1s &hellip;<\/p>\n<p class=\"read-more\"> <a class=\"\" href=\"https:\/\/moraventas.com\/index.php\/product\/oficina-centro-comercial-latino-cucuta\/\"> <span class=\"screen-reader-text\">OFICINA CENTRO COMERCIAL LATINO CUCUTA<\/span> Leer m\u00e1s &raquo;<\/a><\/p>\n","protected":false},"featured_media":6589,"comment_status":"open","ping_status":"closed","template":"","meta":{"om_disable_all_campaigns":false,"_monsterinsights_skip_tracking":false,"_monsterinsights_sitenote_active":false,"_monsterinsights_sitenote_note":"","_monsterinsights_sitenote_category":0,"spay_email":""},"product_cat":[83],"product_tag":[],"class_list":["post-6590","product","type-product","status-publish","has-post-thumbnail","hentry","product_cat-negocios"],"_links":{"self":[{"href":"https:\/\/moraventas.com\/index.php\/wp-json\/wp\/v2\/product\/6590","targetHints":{"allow":["GET"]}}],"collection":[{"href":"https:\/\/moraventas.com\/index.php\/wp-json\/wp\/v2\/product"}],"about":[{"href":"https:\/\/moraventas.com\/index.php\/wp-json\/wp\/v2\/types\/product"}],"replies":[{"embeddable":true,"href":"https:\/\/moraventas.com\/index.php\/wp-json\/wp\/v2\/comments?post=6590"}],"wp:featuredmedia":[{"embeddable":true,"href":"https:\/\/moraventas.com\/index.php\/wp-json\/wp\/v2\/media\/6589"}],"wp:attachment":[{"href":"https:\/\/moraventas.com\/index.php\/wp-json\/wp\/v2\/media?parent=6590"}],"wp:term":[{"taxonomy":"product_cat","embeddable":true,"href":"https:\/\/moraventas.com\/index.php\/wp-json\/wp\/v2\/product_cat?post=6590"},{"taxonomy":"product_tag","embeddable":true,"href":"https:\/\/moraventas.com\/index.php\/wp-json\/wp\/v2\/product_tag?post=6590"}],"curies":[{"name":"wp","href":"https:\/\/api.w.org\/{rel}","templated":true}]}}