{"id":6630,"date":"2026-01-29T09:41:24","date_gmt":"2026-01-29T14:41:24","guid":{"rendered":"https:\/\/moraventas.com\/index.php\/product\/apartamento-condominio-palmitas-villa-de-rosario\/"},"modified":"2026-01-29T09:41:27","modified_gmt":"2026-01-29T14:41:27","slug":"apartamento-condominio-palmitas-villa-de-rosario","status":"publish","type":"product","link":"https:\/\/moraventas.com\/index.php\/product\/apartamento-condominio-palmitas-villa-de-rosario\/","title":{"rendered":"APARTAMENTO CONDOMINIO PALMITAS VILLA DE ROSARIO"},"content":{"rendered":"<p>Apartamento en el condominio Palmitas de Villa Del Rosario.<\/p>\n<p>Est\u00e1 en el primer piso, tiene tres habitaciones, una con ba\u00f1o privado y un ba\u00f1o Auxiliar para las otras dos. Tiene cocina integral comedor y lavadero de ropas.<\/p>\n<p>El parqueadero es comunal<\/p>\n<p>Condominio 150,000 pesos<\/p>\n","protected":false},"excerpt":{"rendered":"<p>Apartamento en el condominio Palmitas de Villa Del Rosario. Est\u00e1 en el primer piso, tiene tres habitaciones, una con ba\u00f1o privado y un ba\u00f1o Auxiliar para las otras dos. Tiene cocina integral comedor y lavadero de ropas. El parqueadero es comunal Condominio 150,000 pesos<\/p>\n","protected":false},"featured_media":6628,"comment_status":"open","ping_status":"closed","template":"","meta":{"om_disable_all_campaigns":false,"_monsterinsights_skip_tracking":false,"_monsterinsights_sitenote_active":false,"_monsterinsights_sitenote_note":"","_monsterinsights_sitenote_category":0,"spay_email":""},"product_cat":[81],"product_tag":[],"class_list":["post-6630","product","type-product","status-publish","has-post-thumbnail","hentry","product_cat-apartamentos"],"_links":{"self":[{"href":"https:\/\/moraventas.com\/index.php\/wp-json\/wp\/v2\/product\/6630","targetHints":{"allow":["GET"]}}],"collection":[{"href":"https:\/\/moraventas.com\/index.php\/wp-json\/wp\/v2\/product"}],"about":[{"href":"https:\/\/moraventas.com\/index.php\/wp-json\/wp\/v2\/types\/product"}],"replies":[{"embeddable":true,"href":"https:\/\/moraventas.com\/index.php\/wp-json\/wp\/v2\/comments?post=6630"}],"wp:featuredmedia":[{"embeddable":true,"href":"https:\/\/moraventas.com\/index.php\/wp-json\/wp\/v2\/media\/6628"}],"wp:attachment":[{"href":"https:\/\/moraventas.com\/index.php\/wp-json\/wp\/v2\/media?parent=6630"}],"wp:term":[{"taxonomy":"product_cat","embeddable":true,"href":"https:\/\/moraventas.com\/index.php\/wp-json\/wp\/v2\/product_cat?post=6630"},{"taxonomy":"product_tag","embeddable":true,"href":"https:\/\/moraventas.com\/index.php\/wp-json\/wp\/v2\/product_tag?post=6630"}],"curies":[{"name":"wp","href":"https:\/\/api.w.org\/{rel}","templated":true}]}}