{"id":6672,"date":"2026-02-12T08:27:26","date_gmt":"2026-02-12T13:27:26","guid":{"rendered":"https:\/\/moraventas.com\/index.php\/product\/apartamento-condominio-prados-club-los-patios\/"},"modified":"2026-02-13T15:03:35","modified_gmt":"2026-02-13T20:03:35","slug":"apartamento-condominio-prados-club-los-patios","status":"publish","type":"product","link":"https:\/\/moraventas.com\/index.php\/product\/apartamento-condominio-prados-club-los-patios\/","title":{"rendered":"APARTAMENTO CONDOMINIO  PATIOS CLUB LOS PATIOS"},"content":{"rendered":"<p>C\u00f3modo, apartamento, muy fresco, con buena vista, en el piso 12 del Conjunto Patios Club.<\/p>\n<p>Tiene, tres habitaciones, una con ba\u00f1o privado, un ba\u00f1o, auxiliar para las otras dos habitaciones; sala, comedor, cocina, lavadero y balc\u00f3n. Parqueadero descubierto.<\/p>\n<p>El canon de arrendamiento incluye cuotas de administraci\u00f3n.<\/p>\n","protected":false},"excerpt":{"rendered":"<p>C\u00f3modo, apartamento, muy fresco, con buena vista, en el piso 12 del Conjunto Patios Club. Tiene, tres habitaciones, una con ba\u00f1o privado, un ba\u00f1o, auxiliar para las otras dos habitaciones; sala, comedor, cocina, lavadero y balc\u00f3n. Parqueadero descubierto. El canon de arrendamiento incluye cuotas de administraci\u00f3n.<\/p>\n","protected":false},"featured_media":6671,"comment_status":"open","ping_status":"closed","template":"","meta":{"om_disable_all_campaigns":false,"_monsterinsights_skip_tracking":false,"_monsterinsights_sitenote_active":false,"_monsterinsights_sitenote_note":"","_monsterinsights_sitenote_category":0,"spay_email":""},"product_cat":[87],"product_tag":[],"class_list":["post-6672","product","type-product","status-publish","has-post-thumbnail","hentry","product_cat-apartamentos-arriendos"],"_links":{"self":[{"href":"https:\/\/moraventas.com\/index.php\/wp-json\/wp\/v2\/product\/6672","targetHints":{"allow":["GET"]}}],"collection":[{"href":"https:\/\/moraventas.com\/index.php\/wp-json\/wp\/v2\/product"}],"about":[{"href":"https:\/\/moraventas.com\/index.php\/wp-json\/wp\/v2\/types\/product"}],"replies":[{"embeddable":true,"href":"https:\/\/moraventas.com\/index.php\/wp-json\/wp\/v2\/comments?post=6672"}],"wp:featuredmedia":[{"embeddable":true,"href":"https:\/\/moraventas.com\/index.php\/wp-json\/wp\/v2\/media\/6671"}],"wp:attachment":[{"href":"https:\/\/moraventas.com\/index.php\/wp-json\/wp\/v2\/media?parent=6672"}],"wp:term":[{"taxonomy":"product_cat","embeddable":true,"href":"https:\/\/moraventas.com\/index.php\/wp-json\/wp\/v2\/product_cat?post=6672"},{"taxonomy":"product_tag","embeddable":true,"href":"https:\/\/moraventas.com\/index.php\/wp-json\/wp\/v2\/product_tag?post=6672"}],"curies":[{"name":"wp","href":"https:\/\/api.w.org\/{rel}","templated":true}]}}