{"id":6679,"date":"2026-02-23T10:37:58","date_gmt":"2026-02-23T15:37:58","guid":{"rendered":"https:\/\/moraventas.com\/index.php\/product\/1-apartamento-la-floresta-los-patios-nds\/"},"modified":"2026-02-23T10:37:58","modified_gmt":"2026-02-23T15:37:58","slug":"1-apartamento-la-floresta-los-patios-nds","status":"publish","type":"product","link":"https:\/\/moraventas.com\/index.php\/product\/1-apartamento-la-floresta-los-patios-nds\/","title":{"rendered":"1 APARTAMENTO LA FLORESTA LOS PATIOS NDS"},"content":{"rendered":"<p>Confortable, c\u00f3modo y seguro apartamento en la zona m\u00e1s residencial del Area Metropolitana de C\u00facuta.<\/p>\n<p>Est\u00e1 en el primer piso del edificio Blue Tower en la Floresta, municipio de Los Patios Norte de Santander.<\/p>\n<p>Se entrega amoblado, con aire acondicionado, tiene tres habitaciones, todas con ba\u00f1o, dos ba\u00f1os m\u00e1s, y dem\u00e1s comodidades.<\/p>\n<p>El edificio tiene una recepci\u00f3n, muy elegante, gimnasio, piscina y zona social. Tiene dos parqueaderos cubiertos muy amplios.<\/p>\n<p>C\u00f3digo 160220261<\/p>\n","protected":false},"excerpt":{"rendered":"<p>Confortable, c\u00f3modo y seguro apartamento en la zona m\u00e1s residencial del Area Metropolitana de C\u00facuta. Est\u00e1 en el primer piso del edificio Blue Tower en la Floresta, municipio de Los Patios Norte de Santander. Se entrega amoblado, con aire acondicionado, tiene tres habitaciones, todas con ba\u00f1o, dos ba\u00f1os m\u00e1s, y dem\u00e1s comodidades. El edificio tiene &hellip;<\/p>\n<p class=\"read-more\"> <a class=\"\" href=\"https:\/\/moraventas.com\/index.php\/product\/1-apartamento-la-floresta-los-patios-nds\/\"> <span class=\"screen-reader-text\">1 APARTAMENTO LA FLORESTA LOS PATIOS NDS<\/span> Leer m\u00e1s &raquo;<\/a><\/p>\n","protected":false},"featured_media":6678,"comment_status":"open","ping_status":"closed","template":"","meta":{"om_disable_all_campaigns":false,"_monsterinsights_skip_tracking":false,"_monsterinsights_sitenote_active":false,"_monsterinsights_sitenote_note":"","_monsterinsights_sitenote_category":0,"spay_email":""},"product_cat":[81],"product_tag":[],"class_list":["post-6679","product","type-product","status-publish","has-post-thumbnail","hentry","product_cat-apartamentos"],"_links":{"self":[{"href":"https:\/\/moraventas.com\/index.php\/wp-json\/wp\/v2\/product\/6679","targetHints":{"allow":["GET"]}}],"collection":[{"href":"https:\/\/moraventas.com\/index.php\/wp-json\/wp\/v2\/product"}],"about":[{"href":"https:\/\/moraventas.com\/index.php\/wp-json\/wp\/v2\/types\/product"}],"replies":[{"embeddable":true,"href":"https:\/\/moraventas.com\/index.php\/wp-json\/wp\/v2\/comments?post=6679"}],"wp:featuredmedia":[{"embeddable":true,"href":"https:\/\/moraventas.com\/index.php\/wp-json\/wp\/v2\/media\/6678"}],"wp:attachment":[{"href":"https:\/\/moraventas.com\/index.php\/wp-json\/wp\/v2\/media?parent=6679"}],"wp:term":[{"taxonomy":"product_cat","embeddable":true,"href":"https:\/\/moraventas.com\/index.php\/wp-json\/wp\/v2\/product_cat?post=6679"},{"taxonomy":"product_tag","embeddable":true,"href":"https:\/\/moraventas.com\/index.php\/wp-json\/wp\/v2\/product_tag?post=6679"}],"curies":[{"name":"wp","href":"https:\/\/api.w.org\/{rel}","templated":true}]}}